{"id":5345,"date":"2023-02-24T01:42:36","date_gmt":"2023-02-24T09:42:36","guid":{"rendered":"https:\/\/hpott.com\/?post_type=product&#038;p=5345"},"modified":"2023-06-26T02:08:33","modified_gmt":"2023-06-26T10:08:33","slug":"ban-nuong-bbq-han-quoc-tu-lam-nha-hang-ban-nuong-bbq-han-quoc-de-ban","status":"publish","type":"product","link":"https:\/\/hpott.com\/vi\/san-pham\/ban-nuong-bbq-han-quoc-tu-lam-nha-hang-ban-nuong-bbq-han-quoc-de-ban\/","title":{"rendered":"B\u00e0n n\u01b0\u1edbng BBQ H\u00e0n Qu\u1ed1c DIY Nh\u00e0 h\u00e0ng B\u00e0n n\u01b0\u1edbng BBQ H\u00e0n Qu\u1ed1c \u0111\u1ec3 b\u00e1n"},"content":{"rendered":"<p><img loading=\"lazy\" decoding=\"async\" class=\"size-full wp-image-5727\" src=\"http:\/\/hpott.com\/wp-content\/uploads\/2023\/02\/electric-barbecue-grill-table.webp\" alt=\"b\u00e0n n\u01b0\u1edbng bbq h\u00e0n qu\u1ed1c t\u1ef1 l\u00e0m nh\u00e0 h\u00e0ng b\u00e0n n\u01b0\u1edbng bbq h\u00e0n qu\u1ed1c \u0111\u1ec3 b\u00e1n\" width=\"750\" height=\"1643\" srcset=\"https:\/\/hpott.com\/wp-content\/uploads\/2023\/02\/electric-barbecue-grill-table.webp 750w, https:\/\/hpott.com\/wp-content\/uploads\/2023\/02\/electric-barbecue-grill-table-137x300.webp 137w, https:\/\/hpott.com\/wp-content\/uploads\/2023\/02\/electric-barbecue-grill-table-467x1024.webp 467w, https:\/\/hpott.com\/wp-content\/uploads\/2023\/02\/electric-barbecue-grill-table-701x1536.webp 701w, https:\/\/hpott.com\/wp-content\/uploads\/2023\/02\/electric-barbecue-grill-table-600x1314.webp 600w, https:\/\/hpott.com\/wp-content\/uploads\/2023\/02\/electric-barbecue-grill-table-64x140.webp 64w\" sizes=\"auto, (max-width: 750px) 100vw, 750px\" \/><\/p>\n<p><img loading=\"lazy\" decoding=\"async\" class=\"size-full wp-image-5726\" src=\"http:\/\/hpott.com\/wp-content\/uploads\/2023\/02\/electric-barbecue-grill-table-1.webp\" alt=\"b\u00e0n n\u01b0\u1edbng bbq h\u00e0n qu\u1ed1c t\u1ef1 l\u00e0m nh\u00e0 h\u00e0ng b\u00e0n n\u01b0\u1edbng bbq h\u00e0n qu\u1ed1c \u0111\u1ec3 b\u00e1n\" width=\"750\" height=\"2112\" srcset=\"https:\/\/hpott.com\/wp-content\/uploads\/2023\/02\/electric-barbecue-grill-table-1.webp 750w, https:\/\/hpott.com\/wp-content\/uploads\/2023\/02\/electric-barbecue-grill-table-1-107x300.webp 107w, https:\/\/hpott.com\/wp-content\/uploads\/2023\/02\/electric-barbecue-grill-table-1-364x1024.webp 364w, https:\/\/hpott.com\/wp-content\/uploads\/2023\/02\/electric-barbecue-grill-table-1-545x1536.webp 545w, https:\/\/hpott.com\/wp-content\/uploads\/2023\/02\/electric-barbecue-grill-table-1-727x2048.webp 727w, https:\/\/hpott.com\/wp-content\/uploads\/2023\/02\/electric-barbecue-grill-table-1-600x1690.webp 600w, https:\/\/hpott.com\/wp-content\/uploads\/2023\/02\/electric-barbecue-grill-table-1-64x180.webp 64w\" sizes=\"auto, (max-width: 750px) 100vw, 750px\" \/><\/p>","protected":false},"excerpt":{"rendered":"<p><strong>M\u00e3 s\u1ea3n ph\u1ea9m<\/strong>: HP-SG02<\/p>\n<p><strong>\u3010V\u1eadt li\u1ec7u\u3011<\/strong>: M\u1eb7t b\u00e0n g\u1ed7 + ch\u00e2n \u0111\u1ebf b\u1eb1ng th\u00e9p kh\u00f4ng g\u1ec9<\/p>\n<p><strong>\u3010T\u00ednh n\u0103ng\u3011<\/strong>: Kh\u00f4ng kh\u00f3i, c\u00f4ng su\u1ea5t cao, th\u1ea9m m\u1ef9, l\u01b0\u1edbi n\u01b0\u1edbng ho\u1eb7c ch\u1ea3o n\u01b0\u1edbng<\/p>","protected":false},"featured_media":5348,"template":"","meta":{"_acf_changed":false,"_seopress_robots_primary_cat":"none","_seopress_titles_title":"","_seopress_titles_desc":"","_seopress_robots_index":""},"product_brand":[],"product_cat":[40],"product_tag":[],"class_list":{"0":"post-5345","1":"product","2":"type-product","3":"status-publish","4":"has-post-thumbnail","6":"product_cat-korean-bbq-grill-table","8":"first","9":"instock","10":"shipping-taxable","11":"product-type-simple"},"acf":[],"_links":{"self":[{"href":"https:\/\/hpott.com\/vi\/wp-json\/wp\/v2\/product\/5345","targetHints":{"allow":["GET"]}}],"collection":[{"href":"https:\/\/hpott.com\/vi\/wp-json\/wp\/v2\/product"}],"about":[{"href":"https:\/\/hpott.com\/vi\/wp-json\/wp\/v2\/types\/product"}],"wp:featuredmedia":[{"embeddable":true,"href":"https:\/\/hpott.com\/vi\/wp-json\/wp\/v2\/media\/5348"}],"wp:attachment":[{"href":"https:\/\/hpott.com\/vi\/wp-json\/wp\/v2\/media?parent=5345"}],"wp:term":[{"taxonomy":"product_brand","embeddable":true,"href":"https:\/\/hpott.com\/vi\/wp-json\/wp\/v2\/product_brand?post=5345"},{"taxonomy":"product_cat","embeddable":true,"href":"https:\/\/hpott.com\/vi\/wp-json\/wp\/v2\/product_cat?post=5345"},{"taxonomy":"product_tag","embeddable":true,"href":"https:\/\/hpott.com\/vi\/wp-json\/wp\/v2\/product_tag?post=5345"}],"curies":[{"name":"wp","href":"https:\/\/api.w.org\/{rel}","templated":true}]}}