{"id":5417,"date":"2023-03-02T01:39:51","date_gmt":"2023-03-02T09:39:51","guid":{"rendered":"https:\/\/hpott.com\/?post_type=product&#038;p=5417"},"modified":"2023-12-04T23:58:06","modified_gmt":"2023-12-05T07:58:06","slug":"ban-lau-dien-cho-nha-hang-duoc-xay-dung-trong-noi-lau-vuong","status":"publish","type":"product","link":"https:\/\/hpott.com\/vi\/san-pham\/ban-lau-dien-cho-nha-hang-duoc-xay-dung-trong-noi-lau-vuong\/","title":{"rendered":"B\u00e0n l\u1ea9u vu\u00f4ng b\u1eb1ng \u0111\u00e1 c\u1ea9m th\u1ea1ch Trung Qu\u1ed1c cho nh\u00e0 h\u00e0ng"},"content":{"rendered":"<p>\u3010T\u00ean\u3011<strong>: <\/strong>B\u00e0n L\u1ea9u \u0110\u00e1 C\u1ea9m Th\u1ea1ch<br \/>\n\u3010Ngu\u1ed3n g\u1ed1c\u3011<strong>:\u00a0<\/strong>Qu\u1ea3ng \u0110\u00f4ng, Trung Qu\u1ed1c<br \/>\n\u3010K\u00edch th\u01b0\u1edbc m\u1eb7t b\u00e0n\u3011<strong>:\u00a0<\/strong>1000X800mm, 1300X900mm, 1600X900mm, 1800X1000mm (K\u00edch th\u01b0\u1edbc c\u00f3 th\u1ec3 t\u00f9y ch\u1ec9nh)<br \/>\n\u3010V\u1eadt li\u1ec7u\u3011<strong>:\u00a0<\/strong>m\u1eb7t b\u00e0n b\u1eb1ng \u0111\u00e1 c\u1ea9m th\u1ea1ch + ch\u00e2n \u0111\u1ebf s\u1eaft in<br \/>\n\u3010M\u00e0u s\u1eafc\u3011<strong>:\u00a0<\/strong>C\u00f3 s\u1eb5n theo y\u00eau c\u1ea7u<br \/>\n\u3010\u1ee8ng d\u1ee5ng\u3011<strong>:\u00a0<\/strong>Nh\u00e0 h\u00e0ng l\u1ea9u, kh\u00e1ch s\u1ea1n, nh\u00e0 h\u00e0ng kh\u00e1c, l\u1ea9u buffet.<br \/>\n\u3010\u0110\u1eb7c \u0111i\u1ec3m\u3011: Ch\u1ee9c n\u0103ng kh\u00f4ng kh\u00f3i thu\u1ed1c<\/p>\n<p><img loading=\"lazy\" decoding=\"async\" class=\"size-full wp-image-5901\" src=\"http:\/\/hpott.com\/wp-content\/uploads\/2023\/03\/marble-hotpot-table.webp\" alt=\"b\u00e0n l\u1ea9u vu\u00f4ng b\u1eb1ng \u0111\u00e1 c\u1ea9m th\u1ea1ch \u0111i\u1ec7n cho nh\u00e0 h\u00e0ng\" width=\"750\" height=\"1121\" srcset=\"https:\/\/hpott.com\/wp-content\/uploads\/2023\/03\/marble-hotpot-table.webp 750w, https:\/\/hpott.com\/wp-content\/uploads\/2023\/03\/marble-hotpot-table-201x300.webp 201w, https:\/\/hpott.com\/wp-content\/uploads\/2023\/03\/marble-hotpot-table-685x1024.webp 685w, https:\/\/hpott.com\/wp-content\/uploads\/2023\/03\/marble-hotpot-table-600x897.webp 600w, https:\/\/hpott.com\/wp-content\/uploads\/2023\/03\/marble-hotpot-table-64x96.webp 64w\" sizes=\"auto, (max-width: 750px) 100vw, 750px\" \/><\/p>\n<p><img loading=\"lazy\" decoding=\"async\" class=\"size-full wp-image-5902\" src=\"http:\/\/hpott.com\/wp-content\/uploads\/2023\/03\/marble-hotpot-table-1.webp\" alt=\"b\u00e0n l\u1ea9u vu\u00f4ng l\u1eafp \u0111i\u1ec7n cho nh\u00e0 h\u00e0ng\" width=\"750\" height=\"892\" srcset=\"https:\/\/hpott.com\/wp-content\/uploads\/2023\/03\/marble-hotpot-table-1.webp 750w, https:\/\/hpott.com\/wp-content\/uploads\/2023\/03\/marble-hotpot-table-1-252x300.webp 252w, https:\/\/hpott.com\/wp-content\/uploads\/2023\/03\/marble-hotpot-table-1-600x714.webp 600w, https:\/\/hpott.com\/wp-content\/uploads\/2023\/03\/marble-hotpot-table-1-64x76.webp 64w\" sizes=\"auto, (max-width: 750px) 100vw, 750px\" \/><\/p>\n<p><img loading=\"lazy\" decoding=\"async\" class=\"size-full wp-image-5903\" src=\"http:\/\/hpott.com\/wp-content\/uploads\/2023\/03\/marble-hotpot-table-2.webp\" alt=\"b\u00e0n l\u1ea9u vu\u00f4ng b\u1eb1ng \u0111\u00e1 c\u1ea9m th\u1ea1ch \u0111i\u1ec7n cho nh\u00e0 h\u00e0ng\" width=\"750\" height=\"1733\" srcset=\"https:\/\/hpott.com\/wp-content\/uploads\/2023\/03\/marble-hotpot-table-2.webp 750w, https:\/\/hpott.com\/wp-content\/uploads\/2023\/03\/marble-hotpot-table-2-130x300.webp 130w, https:\/\/hpott.com\/wp-content\/uploads\/2023\/03\/marble-hotpot-table-2-443x1024.webp 443w, https:\/\/hpott.com\/wp-content\/uploads\/2023\/03\/marble-hotpot-table-2-665x1536.webp 665w, https:\/\/hpott.com\/wp-content\/uploads\/2023\/03\/marble-hotpot-table-2-600x1386.webp 600w, https:\/\/hpott.com\/wp-content\/uploads\/2023\/03\/marble-hotpot-table-2-64x148.webp 64w\" sizes=\"auto, (max-width: 750px) 100vw, 750px\" \/><\/p>","protected":false},"excerpt":{"rendered":"<p><strong>M\u00e3 s\u1ea3n ph\u1ea9m<\/strong>: HP-S02<\/p>\n<p><strong>T\u00ednh n\u0103ng<\/strong>\uff1a c\u00f4ng t\u1eafc \u00e2m t\u01b0\u1eddng, m\u00e1y l\u1ecdc kh\u00f4ng kh\u00ed t\u00edch h\u1ee3p, ch\u1ebf \u0111\u1ed9 b\u1ea3o v\u1ec7 \u0111a n\u0103ng, m\u1eb7t b\u00e0n b\u1eb1ng \u0111\u00e1 c\u1ea9m th\u1ea1ch v\u00e0 ch\u00e2n \u0111\u1ebf b\u1eb1ng th\u00e9p kh\u00f4ng g\u1ec9.<\/p>","protected":false},"featured_media":5420,"template":"","meta":{"_acf_changed":false,"_seopress_robots_primary_cat":"none","_seopress_titles_title":"","_seopress_titles_desc":"","_seopress_robots_index":""},"product_brand":[],"product_cat":[30,31],"product_tag":[],"class_list":{"0":"post-5417","1":"product","2":"type-product","3":"status-publish","4":"has-post-thumbnail","6":"product_cat-hot-pot-table","7":"product_cat-square-hot-pot-tables","9":"first","10":"instock","11":"shipping-taxable","12":"product-type-simple"},"acf":[],"_links":{"self":[{"href":"https:\/\/hpott.com\/vi\/wp-json\/wp\/v2\/product\/5417","targetHints":{"allow":["GET"]}}],"collection":[{"href":"https:\/\/hpott.com\/vi\/wp-json\/wp\/v2\/product"}],"about":[{"href":"https:\/\/hpott.com\/vi\/wp-json\/wp\/v2\/types\/product"}],"wp:featuredmedia":[{"embeddable":true,"href":"https:\/\/hpott.com\/vi\/wp-json\/wp\/v2\/media\/5420"}],"wp:attachment":[{"href":"https:\/\/hpott.com\/vi\/wp-json\/wp\/v2\/media?parent=5417"}],"wp:term":[{"taxonomy":"product_brand","embeddable":true,"href":"https:\/\/hpott.com\/vi\/wp-json\/wp\/v2\/product_brand?post=5417"},{"taxonomy":"product_cat","embeddable":true,"href":"https:\/\/hpott.com\/vi\/wp-json\/wp\/v2\/product_cat?post=5417"},{"taxonomy":"product_tag","embeddable":true,"href":"https:\/\/hpott.com\/vi\/wp-json\/wp\/v2\/product_tag?post=5417"}],"curies":[{"name":"wp","href":"https:\/\/api.w.org\/{rel}","templated":true}]}}