{"id":5468,"date":"2023-03-03T19:20:51","date_gmt":"2023-03-04T03:20:51","guid":{"rendered":"https:\/\/hpott.com\/?post_type=product&#038;p=5468"},"modified":"2023-12-04T22:27:11","modified_gmt":"2023-12-05T06:27:11","slug":"ban-nuong-bbq-han-quoc-trong-nha-ban-lau-thuong-mai-ban-nuong-bbq-han-quoc-tich-hop-de-ban","status":"publish","type":"product","link":"https:\/\/hpott.com\/vi\/san-pham\/ban-nuong-bbq-han-quoc-trong-nha-ban-lau-thuong-mai-ban-nuong-bbq-han-quoc-tich-hop-de-ban\/","title":{"rendered":"Nh\u00e0 h\u00e0ng th\u01b0\u01a1ng m\u1ea1i trong nh\u00e0 kh\u00f4ng kh\u00f3i H\u00e0n Qu\u1ed1c n\u01b0\u1edbng b\u00e0n \u0111\u1ec3 b\u00e1n"},"content":{"rendered":"<p>\u3010T\u00ean\u3011: B\u00e0n l\u1ea9u v\u00e0 n\u01b0\u1edbng BBQ<br \/>\n\u3010Xu\u1ea5t x\u1ee9\u3011: Qu\u1ea3ng \u0110\u00f4ng, Trung Qu\u1ed1c<br \/>\n\u3010K\u00edch th\u01b0\u1edbc\u3011: 1300X900X760mm (K\u00edch th\u01b0\u1edbc c\u00f3 th\u1ec3 t\u00f9y ch\u1ec9nh)<br \/>\n\u3010Ch\u1ea5t li\u1ec7u\u3011: M\u1eb7t b\u00e0n b\u1eb1ng \u0111\u00e1 c\u1ea9m th\u1ea1ch + ch\u00e2n \u0111\u1ebf b\u1eb1ng th\u00e9p kh\u00f4ng g\u1ec9<br \/>\n\u3010M\u00e0u s\u1eafc\u3011: C\u00f3 s\u1eb5n theo y\u00eau c\u1ea7u<br \/>\n\u3010\u1ee8ng d\u1ee5ng\u3011: Nh\u00e0 h\u00e0ng l\u1ea9u, kh\u00e1ch s\u1ea1n, nh\u00e0 h\u00e0ng kh\u00e1c<br \/>\n\u3010T\u00ednh n\u0103ng\u3011<br \/>\n01<br \/>\nV\u00f2ng trang tr\u00ed t\u00edch h\u1ee3p<br \/>\nM\u00e1i che t\u1ea1o h\u00ecnh t\u00edch h\u1ee3p \u0111\u01b0\u1ee3c l\u00e0m b\u1eb1ng th\u00e9p kh\u00f4ng g\u1ec9 d\u00e0y, c\u1ea5u tr\u00fac t\u1ea1o h\u00ecnh t\u00edch h\u1ee3p li\u1ec1n m\u1ea1ch v\u00e0 v\u1ecb tr\u00ed k\u1eb9p ch\u1eb7t ch\u1ebd.<br \/>\n02<br \/>\nThanh l\u1ecdc kh\u00f4ng kh\u00f3i<br \/>\nKh\u00f4ng c\u1ea7n l\u1eafp \u1ed1ng x\u1ea3 kh\u00f3i, s\u1eed d\u1ee5ng tr\u1ef1c ti\u1ebfp m\u00e1y l\u1ecdc kh\u00f4ng kh\u00f3i, ti\u1ebft ki\u1ec7m n\u0103ng l\u01b0\u1ee3ng, b\u1ea3o v\u1ec7 m\u00f4i tr\u01b0\u1eddng, th\u1eddi trang m\u1edbi l\u1ea1<br \/>\n03<br \/>\nB\u00e0n l\u1ea9u kh\u00f4ng kh\u00f3i t\u00f9y ch\u1ec9nh<br \/>\nCh\u1ecdn ch\u1ea5t li\u1ec7u cao c\u1ea5p, t\u1ea1o n\u00ean phong c\u00e1ch Trung Hoa gi\u1ea3n d\u1ecb hi\u1ec7n \u0111\u1ea1i, \u1ea5m \u00e1p, thi\u1ebft th\u1ef1c, \u0111\u01a1n gi\u1ea3n v\u00e0 ph\u00f3ng kho\u00e1ng<br \/>\n04<br \/>\nCh\u00e2n \u0111\u1ebf b\u1eb1ng th\u00e9p kh\u00f4ng g\u1ec9<br \/>\nB\u00e0n l\u1ea9u \u0111\u01b0\u1ee3c thi\u1ebft k\u1ebf ch\u1eafc ch\u1eafn v\u00e0 \u1ed5n \u0111\u1ecbnh, kh\u00f4ng b\u1ecb rung l\u1eafc, gi\u00fap b\u1ea1n th\u01b0\u1edfng th\u1ee9c b\u1eefa \u0103n tho\u1ea3i m\u00e1i h\u01a1n.<\/p>\n<p><img loading=\"lazy\" decoding=\"async\" class=\"wp-image-5589 size-full aligncenter\" src=\"http:\/\/hpott.com\/wp-content\/uploads\/2023\/03\/Korean-bbq-grill-table-details.webp\" alt=\"b\u00e0n n\u01b0\u1edbng bbq h\u00e0n qu\u1ed1c trong nh\u00e0 b\u00e0n l\u1ea9u th\u01b0\u01a1ng m\u1ea1i b\u00e0n n\u01b0\u1edbng bbq h\u00e0n qu\u1ed1c t\u00edch h\u1ee3p \u0111\u1ec3 b\u00e1n\" width=\"750\" height=\"2316\" srcset=\"https:\/\/hpott.com\/wp-content\/uploads\/2023\/03\/Korean-bbq-grill-table-details.webp 750w, https:\/\/hpott.com\/wp-content\/uploads\/2023\/03\/Korean-bbq-grill-table-details-97x300.webp 97w, https:\/\/hpott.com\/wp-content\/uploads\/2023\/03\/Korean-bbq-grill-table-details-332x1024.webp 332w, https:\/\/hpott.com\/wp-content\/uploads\/2023\/03\/Korean-bbq-grill-table-details-497x1536.webp 497w, https:\/\/hpott.com\/wp-content\/uploads\/2023\/03\/Korean-bbq-grill-table-details-663x2048.webp 663w, https:\/\/hpott.com\/wp-content\/uploads\/2023\/03\/Korean-bbq-grill-table-details-600x1853.webp 600w, https:\/\/hpott.com\/wp-content\/uploads\/2023\/03\/Korean-bbq-grill-table-details-64x198.webp 64w\" sizes=\"auto, (max-width: 750px) 100vw, 750px\" \/> <img loading=\"lazy\" decoding=\"async\" class=\"wp-image-5588 size-full aligncenter\" src=\"http:\/\/hpott.com\/wp-content\/uploads\/2023\/03\/Korean-bbq-grill-table-details\uff081\uff09.webp\" alt=\"b\u00e0n n\u01b0\u1edbng bbq h\u00e0n qu\u1ed1c trong nh\u00e0 b\u00e0n l\u1ea9u th\u01b0\u01a1ng m\u1ea1i b\u00e0n n\u01b0\u1edbng bbq h\u00e0n qu\u1ed1c t\u00edch h\u1ee3p \u0111\u1ec3 b\u00e1n\" width=\"750\" height=\"2176\" srcset=\"https:\/\/hpott.com\/wp-content\/uploads\/2023\/03\/Korean-bbq-grill-table-details\uff081\uff09.webp 750w, https:\/\/hpott.com\/wp-content\/uploads\/2023\/03\/Korean-bbq-grill-table-details\uff081\uff09-103x300.webp 103w, https:\/\/hpott.com\/wp-content\/uploads\/2023\/03\/Korean-bbq-grill-table-details\uff081\uff09-353x1024.webp 353w, https:\/\/hpott.com\/wp-content\/uploads\/2023\/03\/Korean-bbq-grill-table-details\uff081\uff09-529x1536.webp 529w, https:\/\/hpott.com\/wp-content\/uploads\/2023\/03\/Korean-bbq-grill-table-details\uff081\uff09-706x2048.webp 706w, https:\/\/hpott.com\/wp-content\/uploads\/2023\/03\/Korean-bbq-grill-table-details\uff081\uff09-600x1741.webp 600w, https:\/\/hpott.com\/wp-content\/uploads\/2023\/03\/Korean-bbq-grill-table-details\uff081\uff09-64x186.webp 64w\" sizes=\"auto, (max-width: 750px) 100vw, 750px\" \/><\/p>\n<p style=\"text-align: center;\"><strong>Bao b\u00ec\u00a0<\/strong><\/p>\n<p style=\"text-align: center;\">Chi ti\u1ebft \u0111\u00f3ng g\u00f3i: \u0110\u00f3ng g\u00f3i b\u1eb1ng k\u1ec7 g\u1ed7<\/p>\n<p style=\"text-align: center;\">C\u1ea3ng: Ph\u1eadt S\u01a1n, Trung S\u01a1n, Th\u00e2m Quy\u1ebfn<\/p>\n<p style=\"text-align: center;\">Th\u1eddi gian giao h\u00e0ng: kho\u1ea3ng 25 ng\u00e0y<\/p>\n<p style=\"text-align: center;\"><img loading=\"lazy\" decoding=\"async\" class=\"aligncenter wp-image-5320 size-full entered lazyloaded\" src=\"http:\/\/hpott.com\/wp-content\/uploads\/2023\/02\/Packaging-delivery.webp\" sizes=\"auto, (max-width: 750px) 100vw, 750px\" srcset=\"https:\/\/hpott.com\/wp-content\/uploads\/2023\/02\/Packaging-delivery.webp 750w, https:\/\/hpott.com\/wp-content\/uploads\/2023\/02\/Packaging-delivery-300x160.webp 300w, https:\/\/hpott.com\/wp-content\/uploads\/2023\/02\/Packaging-delivery-600x320.webp 600w, https:\/\/hpott.com\/wp-content\/uploads\/2023\/02\/Packaging-delivery-64x34.webp 64w\" alt=\"b\u1ebfp t\u1eeb \u00e2m t\u1ee7 ph\u1ed5 bi\u1ebfn b\u00e0n l\u1ea9u nh\u1ecf c\u00f3 v\u1ec9 n\u01b0\u1edbng\" width=\"750\" height=\"400\" data-lazy-srcset=\"https:\/\/hpott.com\/wp-content\/uploads\/2023\/02\/Packaging-delivery.webp 750w, https:\/\/hpott.com\/wp-content\/uploads\/2023\/02\/Packaging-delivery-300x160.webp 300w, https:\/\/hpott.com\/wp-content\/uploads\/2023\/02\/Packaging-delivery-600x320.webp 600w, https:\/\/hpott.com\/wp-content\/uploads\/2023\/02\/Packaging-delivery-64x34.webp 64w\" data-lazy-sizes=\"(max-width: 750px) 100vw, 750px\" data-lazy-src=\"http:\/\/hpott.com\/wp-content\/uploads\/2023\/02\/Packaging-delivery.webp\" data-ll-status=\"loaded\" \/><\/p>\n<p style=\"text-align: center;\"><strong>Tr\u01b0\u1eddng h\u1ee3p kh\u00e1ch h\u00e0ng<\/strong><\/p>\n<p style=\"text-align: center;\">Hi\u1ec7n t\u1ea1i ch\u00fang t\u00f4i \u0111ang l\u00e0m vi\u1ec7c v\u1edbi h\u01a1n 500 nh\u00e0 h\u00e0ng<\/p>\n<p><img loading=\"lazy\" decoding=\"async\" class=\"aligncenter wp-image-5321 size-full entered lazyloaded\" src=\"http:\/\/hpott.com\/wp-content\/uploads\/2023\/02\/Case-Collaboration-.webp\" sizes=\"auto, (max-width: 750px) 100vw, 750px\" srcset=\"https:\/\/hpott.com\/wp-content\/uploads\/2023\/02\/Case-Collaboration-.webp 750w, https:\/\/hpott.com\/wp-content\/uploads\/2023\/02\/Case-Collaboration--300x300.webp 300w, https:\/\/hpott.com\/wp-content\/uploads\/2023\/02\/Case-Collaboration--150x150.webp 150w, https:\/\/hpott.com\/wp-content\/uploads\/2023\/02\/Case-Collaboration--600x600.webp 600w, https:\/\/hpott.com\/wp-content\/uploads\/2023\/02\/Case-Collaboration--100x100.webp 100w, https:\/\/hpott.com\/wp-content\/uploads\/2023\/02\/Case-Collaboration--64x64.webp 64w\" alt=\"b\u1ebfp t\u1eeb \u00e2m t\u1ee7 ph\u1ed5 bi\u1ebfn b\u00e0n l\u1ea9u nh\u1ecf c\u00f3 v\u1ec9 n\u01b0\u1edbng\" width=\"750\" height=\"750\" data-lazy-srcset=\"https:\/\/hpott.com\/wp-content\/uploads\/2023\/02\/Case-Collaboration-.webp 750w, https:\/\/hpott.com\/wp-content\/uploads\/2023\/02\/Case-Collaboration--300x300.webp 300w, https:\/\/hpott.com\/wp-content\/uploads\/2023\/02\/Case-Collaboration--150x150.webp 150w, https:\/\/hpott.com\/wp-content\/uploads\/2023\/02\/Case-Collaboration--600x600.webp 600w, https:\/\/hpott.com\/wp-content\/uploads\/2023\/02\/Case-Collaboration--100x100.webp 100w, https:\/\/hpott.com\/wp-content\/uploads\/2023\/02\/Case-Collaboration--64x64.webp 64w\" data-lazy-sizes=\"(max-width: 750px) 100vw, 750px\" data-lazy-src=\"http:\/\/hpott.com\/wp-content\/uploads\/2023\/02\/Case-Collaboration-.webp\" data-ll-status=\"loaded\" \/><\/p>","protected":false},"excerpt":{"rendered":"<p><strong>M\u00e3 s\u1ea3n ph\u1ea9m\uff1a\u00a0<\/strong>HP-C12<\/p>\n<p>L\u1ea9u v\u00e0 l\u00f2 n\u01b0\u1edbng BBQ, B\u00e1n tr\u1ef1c ti\u1ebfp t\u1ea1i nh\u00e0 m\u00e1y c\u00e1c lo\u1ea1i l\u00f2 n\u01b0\u1edbng BBQ kh\u00f4ng kh\u00f3i v\u00e0 b\u00e0n l\u1ea9u c\u1ee7a H\u00e0n Qu\u1ed1c c\u00f3 th\u1ec3 t\u00f9y ch\u1ec9nh giao di\u1ec7n USB, h\u1ed7 tr\u1ee3 s\u1ea1c \u0111i\u1ec7n tho\u1ea1i di \u0111\u1ed9ng v\u00e0 th\u00e2n thi\u1ec7n v\u1edbi ng\u01b0\u1eddi d\u00f9ng.<\/p>","protected":false},"featured_media":5593,"template":"","meta":{"_acf_changed":false,"_seopress_robots_primary_cat":"none","_seopress_titles_title":"Commercial Restaurant Smokeless Korean Barbecue Grill Table For Sale","_seopress_titles_desc":"There are various Korean barbecue grill tables, commercial smokeless grills, and electric, gas, and charcoal types. 1000+ restaurants joined us.","_seopress_robots_index":""},"product_brand":[],"product_cat":[40,30,31,33],"product_tag":[],"class_list":{"0":"post-5468","1":"product","2":"type-product","3":"status-publish","4":"has-post-thumbnail","6":"product_cat-korean-bbq-grill-table","7":"product_cat-hot-pot-table","8":"product_cat-square-hot-pot-tables","9":"product_cat-hot-pot-and-bbq-table","11":"first","12":"instock","13":"shipping-taxable","14":"product-type-simple"},"acf":[],"_links":{"self":[{"href":"https:\/\/hpott.com\/vi\/wp-json\/wp\/v2\/product\/5468","targetHints":{"allow":["GET"]}}],"collection":[{"href":"https:\/\/hpott.com\/vi\/wp-json\/wp\/v2\/product"}],"about":[{"href":"https:\/\/hpott.com\/vi\/wp-json\/wp\/v2\/types\/product"}],"wp:featuredmedia":[{"embeddable":true,"href":"https:\/\/hpott.com\/vi\/wp-json\/wp\/v2\/media\/5593"}],"wp:attachment":[{"href":"https:\/\/hpott.com\/vi\/wp-json\/wp\/v2\/media?parent=5468"}],"wp:term":[{"taxonomy":"product_brand","embeddable":true,"href":"https:\/\/hpott.com\/vi\/wp-json\/wp\/v2\/product_brand?post=5468"},{"taxonomy":"product_cat","embeddable":true,"href":"https:\/\/hpott.com\/vi\/wp-json\/wp\/v2\/product_cat?post=5468"},{"taxonomy":"product_tag","embeddable":true,"href":"https:\/\/hpott.com\/vi\/wp-json\/wp\/v2\/product_tag?post=5468"}],"curies":[{"name":"wp","href":"https:\/\/api.w.org\/{rel}","templated":true}]}}