{"id":5489,"date":"2023-03-07T00:13:16","date_gmt":"2023-03-07T08:13:16","guid":{"rendered":"https:\/\/hpott.com\/?post_type=product&#038;p=5489"},"modified":"2023-03-14T18:07:46","modified_gmt":"2023-03-15T02:07:46","slug":"phu-kien-lau-vuong-cho-nha-hang-thuong-mai","status":"publish","type":"product","link":"https:\/\/hpott.com\/vi\/san-pham\/phu-kien-lau-vuong-cho-nha-hang-thuong-mai\/","title":{"rendered":"Ph\u1ee5 ki\u1ec7n l\u1ea9u vu\u00f4ng cho nh\u00e0 h\u00e0ng th\u01b0\u01a1ng m\u1ea1i"},"content":{"rendered":"<p><strong>T\u00ednh n\u0103ng: <\/strong>n\u1ed3i l\u1ea9u vu\u00f4ng inox c\u00f3 ch\u1ee9c n\u0103ng n\u00e2ng h\u1ea1<\/p>\n<p><strong>T\u00ean th\u01b0\u01a1ng hi\u1ec7u: <\/strong>HPOTT<\/p>\n<p><strong>\u1ee8ng d\u1ee5ng: <\/strong>thi\u1ebft b\u1ecb l\u1ea9u<\/p>\n<p><strong>H\u00ecnh d\u1ea1ng: <\/strong>vu\u00f4ng ho\u1eb7c tr\u00f2n t\u00f9y ch\u1ecdn<\/p>\n<p><strong>\u0110\u00f3ng g\u00f3i &amp; giao h\u00e0ng<\/strong><\/p>\n<p>chi ti\u1ebft \u0111\u00f3ng g\u00f3i\uff1a Theo y\u00eau c\u1ea7u c\u1ee7a kh\u00e1ch h\u00e0ng<\/p>\n<p>th\u1eddi gian giao h\u00e0ng: kho\u1ea3ng 25 ng\u00e0y<\/p>\n<p><strong>\u0110\u1ec1 xu\u1ea5t c\u00e1c phong c\u00e1ch kh\u00e1c<\/strong><\/p>\n<p><img loading=\"lazy\" decoding=\"async\" class=\"wp-image-5501 size-full\" src=\"http:\/\/hpott.com\/wp-content\/uploads\/2023\/03\/hotpot-accessories.webp\" alt=\"ph\u1ee5 ki\u1ec7n l\u1ea9u vu\u00f4ng cho nh\u00e0 h\u00e0ng th\u01b0\u01a1ng m\u1ea1i\" width=\"790\" height=\"2528\" srcset=\"https:\/\/hpott.com\/wp-content\/uploads\/2023\/03\/hotpot-accessories.webp 790w, https:\/\/hpott.com\/wp-content\/uploads\/2023\/03\/hotpot-accessories-94x300.webp 94w, https:\/\/hpott.com\/wp-content\/uploads\/2023\/03\/hotpot-accessories-320x1024.webp 320w, https:\/\/hpott.com\/wp-content\/uploads\/2023\/03\/hotpot-accessories-768x2458.webp 768w, https:\/\/hpott.com\/wp-content\/uploads\/2023\/03\/hotpot-accessories-480x1536.webp 480w, https:\/\/hpott.com\/wp-content\/uploads\/2023\/03\/hotpot-accessories-640x2048.webp 640w, https:\/\/hpott.com\/wp-content\/uploads\/2023\/03\/hotpot-accessories-600x1920.webp 600w, https:\/\/hpott.com\/wp-content\/uploads\/2023\/03\/hotpot-accessories-64x205.webp 64w\" sizes=\"auto, (max-width: 790px) 100vw, 790px\" \/><\/p>","protected":false},"excerpt":{"rendered":"<p><strong>M\u00e3 s\u1ea3n ph\u1ea9m:<\/strong> HP-SA1<\/p>\n<p><strong>V\u1eadt li\u1ec7u:<\/strong>th\u00e9p kh\u00f4ng g\u1ec9<\/p>\n<p><strong>Ph\u01b0\u01a1ng th\u1ee9c v\u1eadn chuy\u1ec3n\uff1a<\/strong>b\u1eb1ng \u0111\u01b0\u1eddng bi\u1ec3n ho\u1eb7c t\u00f9y ch\u1ecdn<\/p>\n<p><strong>K\u00edch th\u01b0\u1edbc s\u1ea3n ph\u1ea9m:<\/strong>300*300*95mm<\/p>","protected":false},"featured_media":5492,"template":"","meta":{"_acf_changed":false,"_seopress_robots_primary_cat":"none","_seopress_titles_title":"","_seopress_titles_desc":"","_seopress_robots_index":""},"product_brand":[],"product_cat":[30],"product_tag":[],"class_list":{"0":"post-5489","1":"product","2":"type-product","3":"status-publish","4":"has-post-thumbnail","6":"product_cat-hot-pot-table","8":"first","9":"instock","10":"shipping-taxable","11":"product-type-simple"},"acf":[],"_links":{"self":[{"href":"https:\/\/hpott.com\/vi\/wp-json\/wp\/v2\/product\/5489","targetHints":{"allow":["GET"]}}],"collection":[{"href":"https:\/\/hpott.com\/vi\/wp-json\/wp\/v2\/product"}],"about":[{"href":"https:\/\/hpott.com\/vi\/wp-json\/wp\/v2\/types\/product"}],"wp:featuredmedia":[{"embeddable":true,"href":"https:\/\/hpott.com\/vi\/wp-json\/wp\/v2\/media\/5492"}],"wp:attachment":[{"href":"https:\/\/hpott.com\/vi\/wp-json\/wp\/v2\/media?parent=5489"}],"wp:term":[{"taxonomy":"product_brand","embeddable":true,"href":"https:\/\/hpott.com\/vi\/wp-json\/wp\/v2\/product_brand?post=5489"},{"taxonomy":"product_cat","embeddable":true,"href":"https:\/\/hpott.com\/vi\/wp-json\/wp\/v2\/product_cat?post=5489"},{"taxonomy":"product_tag","embeddable":true,"href":"https:\/\/hpott.com\/vi\/wp-json\/wp\/v2\/product_tag?post=5489"}],"curies":[{"name":"wp","href":"https:\/\/api.w.org\/{rel}","templated":true}]}}