{"id":5503,"date":"2023-03-07T01:27:22","date_gmt":"2023-03-07T09:27:22","guid":{"rendered":"https:\/\/hpott.com\/?post_type=product&#038;p=5503"},"modified":"2023-06-15T22:52:31","modified_gmt":"2023-06-16T06:52:31","slug":"ban-nuong-bbq-thuong-mai-khong-khoi-han-quoc","status":"publish","type":"product","link":"https:\/\/hpott.com\/vi\/san-pham\/ban-nuong-bbq-thuong-mai-khong-khoi-han-quoc\/","title":{"rendered":"B\u00e0n n\u01b0\u1edbng BBQ th\u01b0\u01a1ng m\u1ea1i H\u00e0n Qu\u1ed1c kh\u00f4ng kh\u00f3i 4 ng\u01b0\u1eddi"},"content":{"rendered":"<p><img loading=\"lazy\" decoding=\"async\" class=\"size-full wp-image-5732\" src=\"http:\/\/hpott.com\/wp-content\/uploads\/2023\/03\/wooden-korean-bbq-grill-table.webp\" alt=\"b\u00e0n n\u01b0\u1edbng bbq th\u01b0\u01a1ng m\u1ea1i h\u00e0n qu\u1ed1c \u0111\u1ec3 b\u00e1n b\u00e0n n\u01b0\u1edbng bbq kh\u00f4ng kh\u00f3i h\u00e0n qu\u1ed1c\" width=\"750\" height=\"1750\" srcset=\"https:\/\/hpott.com\/wp-content\/uploads\/2023\/03\/wooden-korean-bbq-grill-table.webp 750w, https:\/\/hpott.com\/wp-content\/uploads\/2023\/03\/wooden-korean-bbq-grill-table-129x300.webp 129w, https:\/\/hpott.com\/wp-content\/uploads\/2023\/03\/wooden-korean-bbq-grill-table-439x1024.webp 439w, https:\/\/hpott.com\/wp-content\/uploads\/2023\/03\/wooden-korean-bbq-grill-table-658x1536.webp 658w, https:\/\/hpott.com\/wp-content\/uploads\/2023\/03\/wooden-korean-bbq-grill-table-600x1400.webp 600w, https:\/\/hpott.com\/wp-content\/uploads\/2023\/03\/wooden-korean-bbq-grill-table-64x149.webp 64w\" sizes=\"auto, (max-width: 750px) 100vw, 750px\" \/><\/p>\n<p><img loading=\"lazy\" decoding=\"async\" class=\"size-full wp-image-5733\" src=\"http:\/\/hpott.com\/wp-content\/uploads\/2023\/03\/wooden-korean-bbq-grill-table-1.webp\" alt=\"b\u00e0n n\u01b0\u1edbng bbq th\u01b0\u01a1ng m\u1ea1i h\u00e0n qu\u1ed1c \u0111\u1ec3 b\u00e1n b\u00e0n n\u01b0\u1edbng bbq kh\u00f4ng kh\u00f3i h\u00e0n qu\u1ed1c\" width=\"750\" height=\"1843\" srcset=\"https:\/\/hpott.com\/wp-content\/uploads\/2023\/03\/wooden-korean-bbq-grill-table-1.webp 750w, https:\/\/hpott.com\/wp-content\/uploads\/2023\/03\/wooden-korean-bbq-grill-table-1-122x300.webp 122w, https:\/\/hpott.com\/wp-content\/uploads\/2023\/03\/wooden-korean-bbq-grill-table-1-417x1024.webp 417w, https:\/\/hpott.com\/wp-content\/uploads\/2023\/03\/wooden-korean-bbq-grill-table-1-625x1536.webp 625w, https:\/\/hpott.com\/wp-content\/uploads\/2023\/03\/wooden-korean-bbq-grill-table-1-600x1474.webp 600w, https:\/\/hpott.com\/wp-content\/uploads\/2023\/03\/wooden-korean-bbq-grill-table-1-64x157.webp 64w\" sizes=\"auto, (max-width: 750px) 100vw, 750px\" \/><\/p>","protected":false},"excerpt":{"rendered":"<p><strong>M\u00e3 s\u1ea3n ph\u1ea9m<\/strong>: HP-SG07<\/p>\n<p><strong>\u3010V\u1eadt li\u1ec7u\u3011:\u00a0<\/strong>t\u1ea5m g\u1ed7 + \u0111\u1ebf th\u00e9p kh\u00f4ng g\u1ec9<\/p>\n<p><strong>\u3010T\u00ednh n\u0103ng\u3011: <\/strong>kh\u00f4ng kh\u00f3i, c\u00f4ng su\u1ea5t cao<\/p>\n<p><strong>Ghi ch\u00fa:<\/strong>\u00a0Ch\u1ea5t li\u1ec7u b\u00e0n, k\u00edch th\u01b0\u1edbc b\u00e0n, m\u00e0u s\u1eafc b\u00e0n v\u00e0 thi\u1ebft b\u1ecb n\u01b0\u1edbng BBQ theo y\u00eau c\u1ea7u c\u1ee7a b\u1ea1n<\/p>","protected":false},"featured_media":5730,"template":"","meta":{"_acf_changed":false,"_seopress_robots_primary_cat":"none","_seopress_titles_title":"","_seopress_titles_desc":"","_seopress_robots_index":""},"product_brand":[],"product_cat":[40],"product_tag":[],"class_list":{"0":"post-5503","1":"product","2":"type-product","3":"status-publish","4":"has-post-thumbnail","6":"product_cat-korean-bbq-grill-table","8":"first","9":"instock","10":"shipping-taxable","11":"product-type-simple"},"acf":[],"_links":{"self":[{"href":"https:\/\/hpott.com\/vi\/wp-json\/wp\/v2\/product\/5503","targetHints":{"allow":["GET"]}}],"collection":[{"href":"https:\/\/hpott.com\/vi\/wp-json\/wp\/v2\/product"}],"about":[{"href":"https:\/\/hpott.com\/vi\/wp-json\/wp\/v2\/types\/product"}],"wp:featuredmedia":[{"embeddable":true,"href":"https:\/\/hpott.com\/vi\/wp-json\/wp\/v2\/media\/5730"}],"wp:attachment":[{"href":"https:\/\/hpott.com\/vi\/wp-json\/wp\/v2\/media?parent=5503"}],"wp:term":[{"taxonomy":"product_brand","embeddable":true,"href":"https:\/\/hpott.com\/vi\/wp-json\/wp\/v2\/product_brand?post=5503"},{"taxonomy":"product_cat","embeddable":true,"href":"https:\/\/hpott.com\/vi\/wp-json\/wp\/v2\/product_cat?post=5503"},{"taxonomy":"product_tag","embeddable":true,"href":"https:\/\/hpott.com\/vi\/wp-json\/wp\/v2\/product_tag?post=5503"}],"curies":[{"name":"wp","href":"https:\/\/api.w.org\/{rel}","templated":true}]}}