{"id":5508,"date":"2023-03-07T01:56:38","date_gmt":"2023-03-07T09:56:38","guid":{"rendered":"https:\/\/hpott.com\/?post_type=product&#038;p=5508"},"modified":"2023-12-04T22:56:35","modified_gmt":"2023-12-05T06:56:35","slug":"ban-nuong-than-han-quoc","status":"publish","type":"product","link":"https:\/\/hpott.com\/vi\/san-pham\/ban-nuong-than-han-quoc\/","title":{"rendered":"B\u00e0n n\u01b0\u1edbng than H\u00e0n Qu\u1ed1c d\u00f9ng cho nh\u00e0 h\u00e0ng"},"content":{"rendered":"<p><img loading=\"lazy\" decoding=\"async\" class=\"size-full wp-image-5724\" src=\"http:\/\/hpott.com\/wp-content\/uploads\/2023\/03\/charcoal-grill-table.webp\" alt=\"b\u00e0n n\u01b0\u1edbng than H\u00e0n Qu\u1ed1c b\u00e0n n\u01b0\u1edbng than H\u00e0n Qu\u1ed1c \u0111\u1ec3 b\u00e1n\" width=\"750\" height=\"1911\" srcset=\"https:\/\/hpott.com\/wp-content\/uploads\/2023\/03\/charcoal-grill-table.webp 750w, https:\/\/hpott.com\/wp-content\/uploads\/2023\/03\/charcoal-grill-table-118x300.webp 118w, https:\/\/hpott.com\/wp-content\/uploads\/2023\/03\/charcoal-grill-table-402x1024.webp 402w, https:\/\/hpott.com\/wp-content\/uploads\/2023\/03\/charcoal-grill-table-603x1536.webp 603w, https:\/\/hpott.com\/wp-content\/uploads\/2023\/03\/charcoal-grill-table-600x1529.webp 600w, https:\/\/hpott.com\/wp-content\/uploads\/2023\/03\/charcoal-grill-table-64x163.webp 64w\" sizes=\"auto, (max-width: 750px) 100vw, 750px\" \/><\/p>\n<p><img loading=\"lazy\" decoding=\"async\" class=\"size-full wp-image-5723\" src=\"http:\/\/hpott.com\/wp-content\/uploads\/2023\/03\/charcoal-grill-table-1.webp\" alt=\"b\u00e0n n\u01b0\u1edbng than H\u00e0n Qu\u1ed1c b\u00e0n n\u01b0\u1edbng than H\u00e0n Qu\u1ed1c \u0111\u1ec3 b\u00e1n\" width=\"750\" height=\"2030\" srcset=\"https:\/\/hpott.com\/wp-content\/uploads\/2023\/03\/charcoal-grill-table-1.webp 750w, https:\/\/hpott.com\/wp-content\/uploads\/2023\/03\/charcoal-grill-table-1-111x300.webp 111w, https:\/\/hpott.com\/wp-content\/uploads\/2023\/03\/charcoal-grill-table-1-378x1024.webp 378w, https:\/\/hpott.com\/wp-content\/uploads\/2023\/03\/charcoal-grill-table-1-567x1536.webp 567w, https:\/\/hpott.com\/wp-content\/uploads\/2023\/03\/charcoal-grill-table-1-600x1624.webp 600w, https:\/\/hpott.com\/wp-content\/uploads\/2023\/03\/charcoal-grill-table-1-64x173.webp 64w\" sizes=\"auto, (max-width: 750px) 100vw, 750px\" \/><\/p>","protected":false},"excerpt":{"rendered":"<p><strong>M\u00e3 s\u1ea3n ph\u1ea9m\uff1a\u00a0<\/strong>HP-CH1<\/p>","protected":false},"featured_media":5511,"template":"","meta":{"_acf_changed":false,"_seopress_robots_primary_cat":"none","_seopress_titles_title":"Korean Charcoal Grill Table For Restaurant Use | HPOTT","_seopress_titles_desc":"Three types of electric, gas, charcoal grill table, HPOTT support customization Korean charcoal bbq grill table for restaurant. Welcome to contact us.","_seopress_robots_index":""},"product_brand":[],"product_cat":[40],"product_tag":[],"class_list":{"0":"post-5508","1":"product","2":"type-product","3":"status-publish","4":"has-post-thumbnail","6":"product_cat-korean-bbq-grill-table","8":"first","9":"instock","10":"shipping-taxable","11":"product-type-simple"},"acf":[],"_links":{"self":[{"href":"https:\/\/hpott.com\/vi\/wp-json\/wp\/v2\/product\/5508","targetHints":{"allow":["GET"]}}],"collection":[{"href":"https:\/\/hpott.com\/vi\/wp-json\/wp\/v2\/product"}],"about":[{"href":"https:\/\/hpott.com\/vi\/wp-json\/wp\/v2\/types\/product"}],"wp:featuredmedia":[{"embeddable":true,"href":"https:\/\/hpott.com\/vi\/wp-json\/wp\/v2\/media\/5511"}],"wp:attachment":[{"href":"https:\/\/hpott.com\/vi\/wp-json\/wp\/v2\/media?parent=5508"}],"wp:term":[{"taxonomy":"product_brand","embeddable":true,"href":"https:\/\/hpott.com\/vi\/wp-json\/wp\/v2\/product_brand?post=5508"},{"taxonomy":"product_cat","embeddable":true,"href":"https:\/\/hpott.com\/vi\/wp-json\/wp\/v2\/product_cat?post=5508"},{"taxonomy":"product_tag","embeddable":true,"href":"https:\/\/hpott.com\/vi\/wp-json\/wp\/v2\/product_tag?post=5508"}],"curies":[{"name":"wp","href":"https:\/\/api.w.org\/{rel}","templated":true}]}}