{"id":5743,"date":"2023-06-10T02:03:44","date_gmt":"2023-06-10T10:03:44","guid":{"rendered":"https:\/\/hpott.com\/?post_type=product&#038;p=5743"},"modified":"2023-06-15T23:27:17","modified_gmt":"2023-06-16T07:27:17","slug":"ban-nuong-shabu-shabu-han-quoc-ban-lau-trung-quoc-co-bep-tu","status":"publish","type":"product","link":"https:\/\/hpott.com\/vi\/san-pham\/ban-nuong-shabu-shabu-han-quoc-ban-lau-trung-quoc-co-bep-tu\/","title":{"rendered":"B\u00e0n n\u01b0\u1edbng BBQ SHABU SHABU ki\u1ec3u H\u00e0n Qu\u1ed1c B\u00e0n l\u1ea9u Trung Qu\u1ed1c c\u00f3 b\u1ebfp t\u1eeb"},"content":{"rendered":"<h2>Th\u00f4ng tin b\u1ed5 sung<\/h2>\n<p>\u3010T\u00ean\u3011: B\u00e0n l\u1ea9u v\u00e0 n\u01b0\u1edbng BBQ<br \/>\n\u3010Xu\u1ea5t x\u1ee9\u3011: Qu\u1ea3ng \u0110\u00f4ng, Trung Qu\u1ed1c<br \/>\n\u3010K\u00edch th\u01b0\u1edbc\u3011: 2100X900X760mm (K\u00edch th\u01b0\u1edbc c\u00f3 th\u1ec3 t\u00f9y ch\u1ec9nh)<br \/>\n\u3010Ch\u1ea5t li\u1ec7u\u3011: M\u1eb7t b\u00e0n b\u1eb1ng \u0111\u00e1 c\u1ea9m th\u1ea1ch + ch\u00e2n \u0111\u1ebf b\u1eb1ng th\u00e9p kh\u00f4ng g\u1ec9<br \/>\n\u3010M\u00e0u s\u1eafc\u3011: C\u00f3 s\u1eb5n theo y\u00eau c\u1ea7u<br \/>\n\u3010\u1ee8ng d\u1ee5ng\u3011: Nh\u00e0 h\u00e0ng l\u1ea9u, kh\u00e1ch s\u1ea1n, nh\u00e0 h\u00e0ng kh\u00e1c<br \/>\n\u3010T\u00ednh n\u0103ng\u3011<br \/>\n01<br \/>\nV\u00f2ng trang tr\u00ed t\u00edch h\u1ee3p<br \/>\nM\u00e1i che t\u1ea1o h\u00ecnh t\u00edch h\u1ee3p bao g\u1ed3m th\u00e9p kh\u00f4ng g\u1ec9 d\u00e0y, c\u1ea5u tr\u00fac t\u1ea1o h\u00ecnh t\u00edch h\u1ee3p li\u1ec1n m\u1ea1ch v\u00e0 v\u1ecb tr\u00ed k\u1eb9p ch\u1eb7t ch\u1ebd.<br \/>\n02<br \/>\nThanh l\u1ecdc kh\u00f4ng kh\u00f3i<br \/>\nKh\u00f4ng c\u1ea7n l\u1eafp \u1ed1ng x\u1ea3 kh\u00f3i, s\u1eed d\u1ee5ng tr\u1ef1c ti\u1ebfp m\u00e1y l\u1ecdc kh\u00f4ng kh\u00f3i, ti\u1ebft ki\u1ec7m n\u0103ng l\u01b0\u1ee3ng, b\u1ea3o v\u1ec7 m\u00f4i tr\u01b0\u1eddng, th\u1eddi trang m\u1edbi l\u1ea1<br \/>\n03<br \/>\nB\u00e0n l\u1ea9u kh\u00f4ng kh\u00f3i t\u00f9y ch\u1ec9nh<br \/>\nCh\u1ecdn ch\u1ea5t li\u1ec7u cao c\u1ea5p, t\u1ea1o n\u00ean phong c\u00e1ch Trung Hoa gi\u1ea3n d\u1ecb hi\u1ec7n \u0111\u1ea1i, \u1ea5m \u00e1p, thi\u1ebft th\u1ef1c, \u0111\u01a1n gi\u1ea3n v\u00e0 ph\u00f3ng kho\u00e1ng<br \/>\n04<br \/>\nCh\u00e2n \u0111\u1ebf b\u1eb1ng th\u00e9p kh\u00f4ng g\u1ec9<br \/>\nB\u00e0n l\u1ea9u \u0111\u01b0\u1ee3c thi\u1ebft k\u1ebf ch\u1eafc ch\u1eafn v\u00e0 \u1ed5n \u0111\u1ecbnh, kh\u00f4ng b\u1ecb rung l\u1eafc, gi\u00fap b\u1ea1n th\u01b0\u1edfng th\u1ee9c b\u1eefa \u0103n d\u1ec5 d\u00e0ng h\u01a1n.<\/p>\n<p><img loading=\"lazy\" decoding=\"async\" class=\"wp-image-5749 size-full\" src=\"http:\/\/hpott.com\/wp-content\/uploads\/2023\/06\/big-hot-pot-table-scaled.webp\" alt=\"b\u00e0n n\u01b0\u1edbng shabu shabu h\u00e0n qu\u1ed1c b\u00e0n l\u1ea9u trung qu\u1ed1c c\u00f3 b\u1ebfp t\u1eeb\" width=\"686\" height=\"2560\" srcset=\"https:\/\/hpott.com\/wp-content\/uploads\/2023\/06\/big-hot-pot-table-scaled.webp 686w, https:\/\/hpott.com\/wp-content\/uploads\/2023\/06\/big-hot-pot-table-80x300.webp 80w, https:\/\/hpott.com\/wp-content\/uploads\/2023\/06\/big-hot-pot-table-274x1024.webp 274w, https:\/\/hpott.com\/wp-content\/uploads\/2023\/06\/big-hot-pot-table-549x2048.webp 549w, https:\/\/hpott.com\/wp-content\/uploads\/2023\/06\/big-hot-pot-table-600x2240.webp 600w, https:\/\/hpott.com\/wp-content\/uploads\/2023\/06\/big-hot-pot-table-64x239.webp 64w\" sizes=\"auto, (max-width: 686px) 100vw, 686px\" \/><\/p>","protected":false},"excerpt":{"rendered":"<p><strong>M\u00e3 s\u1ea3n ph\u1ea9m:\u00a0 <\/strong>HP-C15<\/p>\n<p>B\u00e1n b\u00e0n n\u01b0\u1edbng BBQ v\u00e0 l\u1ea9u H\u00e0n Qu\u1ed1c<\/p>","protected":false},"featured_media":5746,"template":"","meta":{"_acf_changed":false,"_seopress_robots_primary_cat":"none","_seopress_titles_title":"","_seopress_titles_desc":"","_seopress_robots_index":""},"product_brand":[],"product_cat":[33],"product_tag":[],"class_list":{"0":"post-5743","1":"product","2":"type-product","3":"status-publish","4":"has-post-thumbnail","6":"product_cat-hot-pot-and-bbq-table","8":"first","9":"instock","10":"shipping-taxable","11":"product-type-simple"},"acf":[],"_links":{"self":[{"href":"https:\/\/hpott.com\/vi\/wp-json\/wp\/v2\/product\/5743","targetHints":{"allow":["GET"]}}],"collection":[{"href":"https:\/\/hpott.com\/vi\/wp-json\/wp\/v2\/product"}],"about":[{"href":"https:\/\/hpott.com\/vi\/wp-json\/wp\/v2\/types\/product"}],"wp:featuredmedia":[{"embeddable":true,"href":"https:\/\/hpott.com\/vi\/wp-json\/wp\/v2\/media\/5746"}],"wp:attachment":[{"href":"https:\/\/hpott.com\/vi\/wp-json\/wp\/v2\/media?parent=5743"}],"wp:term":[{"taxonomy":"product_brand","embeddable":true,"href":"https:\/\/hpott.com\/vi\/wp-json\/wp\/v2\/product_brand?post=5743"},{"taxonomy":"product_cat","embeddable":true,"href":"https:\/\/hpott.com\/vi\/wp-json\/wp\/v2\/product_cat?post=5743"},{"taxonomy":"product_tag","embeddable":true,"href":"https:\/\/hpott.com\/vi\/wp-json\/wp\/v2\/product_tag?post=5743"}],"curies":[{"name":"wp","href":"https:\/\/api.w.org\/{rel}","templated":true}]}}