{"id":5772,"date":"2023-06-17T02:14:22","date_gmt":"2023-06-17T10:14:22","guid":{"rendered":"https:\/\/hpott.com\/?post_type=product&#038;p=5772"},"modified":"2023-11-01T00:39:46","modified_gmt":"2023-11-01T08:39:46","slug":"ban-buon-bep-nuong-gas-lpg-tich-hop-ban-co-lo-chien","status":"publish","type":"product","link":"https:\/\/hpott.com\/vi\/san-pham\/ban-buon-bep-nuong-gas-lpg-tich-hop-ban-co-lo-chien\/","title":{"rendered":"S\u1ea3n ph\u1ea9m m\u1edbi t\u00edch h\u1ee3p b\u1ebfp n\u01b0\u1edbng gas LPG BBQ c\u00f3 l\u00f2 chi\u00ean"},"content":{"rendered":"<p>1. Ch\u1ea5t li\u1ec7u v\u1ecf: Th\u00e9p kh\u00f4ng g\u1ec9 201<br \/>\n2. K\u00edch th\u01b0\u1edbc n\u1ed3i chi\u00ean: 17.6X16.2X15cm<br \/>\n3. K\u00edch th\u01b0\u1edbc b\u1ebfp: \u0110\u01b0\u1eddng k\u00ednh 12cm<br \/>\n4. K\u00edch th\u01b0\u1edbc l\u1eafp s\u1eb5n: 610X390mm<br \/>\n5. K\u00edch th\u01b0\u1edbc s\u1ea3n ph\u1ea9m: 64X43X20cm<br \/>\n6. C\u00f3 b\u1ed9 \u0111i\u1ec1u khi\u1ec3n Chi\u1ec1u d\u00e0i l\u00e0 89,5cm<br \/>\n7. Lo\u1ea1i LPG<\/p>","protected":false},"excerpt":{"rendered":"<p><strong>M\u00e3 s\u1ea3n ph\u1ea9m: HP-G06<\/strong><\/p>\n<p>L\u00f2 n\u01b0\u1edbng GAS c\u00f3 m\u00e1y chi\u00ean, b\u00e0n t\u00f9y ch\u1ec9nh, bao g\u1ed3m m\u1eb7t b\u00e0n, ch\u00e2n b\u00e0n, b\u1ebfp n\u1ea5u, m\u00e0u s\u1eafc m\u1eb7t b\u00e0n, v.v.<\/p>","protected":false},"featured_media":5778,"template":"","meta":{"_acf_changed":false,"_seopress_robots_primary_cat":"none","_seopress_titles_title":"New Product Built In LPG Gas BBQ Grill Table With Fryer","_seopress_titles_desc":"","_seopress_robots_index":""},"product_brand":[],"product_cat":[40,37,34],"product_tag":[],"class_list":{"0":"post-5772","1":"product","2":"type-product","3":"status-publish","4":"has-post-thumbnail","6":"product_cat-korean-bbq-grill-table","7":"product_cat-bbq-grill","8":"product_cat-gas-bbq-grill","10":"first","11":"instock","12":"shipping-taxable","13":"product-type-simple"},"acf":[],"_links":{"self":[{"href":"https:\/\/hpott.com\/vi\/wp-json\/wp\/v2\/product\/5772","targetHints":{"allow":["GET"]}}],"collection":[{"href":"https:\/\/hpott.com\/vi\/wp-json\/wp\/v2\/product"}],"about":[{"href":"https:\/\/hpott.com\/vi\/wp-json\/wp\/v2\/types\/product"}],"wp:featuredmedia":[{"embeddable":true,"href":"https:\/\/hpott.com\/vi\/wp-json\/wp\/v2\/media\/5778"}],"wp:attachment":[{"href":"https:\/\/hpott.com\/vi\/wp-json\/wp\/v2\/media?parent=5772"}],"wp:term":[{"taxonomy":"product_brand","embeddable":true,"href":"https:\/\/hpott.com\/vi\/wp-json\/wp\/v2\/product_brand?post=5772"},{"taxonomy":"product_cat","embeddable":true,"href":"https:\/\/hpott.com\/vi\/wp-json\/wp\/v2\/product_cat?post=5772"},{"taxonomy":"product_tag","embeddable":true,"href":"https:\/\/hpott.com\/vi\/wp-json\/wp\/v2\/product_tag?post=5772"}],"curies":[{"name":"wp","href":"https:\/\/api.w.org\/{rel}","templated":true}]}}