{"id":5784,"date":"2023-06-19T00:04:34","date_gmt":"2023-06-19T08:04:34","guid":{"rendered":"https:\/\/hpott.com\/?post_type=product&#038;p=5784"},"modified":"2023-06-19T00:04:34","modified_gmt":"2023-06-19T08:04:34","slug":"bep-dien-hong-ngoai-lap-am-ban-lau-cho-nha-hang","status":"publish","type":"product","link":"https:\/\/hpott.com\/vi\/san-pham\/bep-dien-hong-ngoai-lap-am-ban-lau-cho-nha-hang\/","title":{"rendered":"B\u1ebfp \u0111i\u1ec7n h\u1ed3ng ngo\u1ea1i t\u00edch h\u1ee3p b\u00e0n l\u1ea9u cho nh\u00e0 h\u00e0ng"},"content":{"rendered":"<p><img loading=\"lazy\" decoding=\"async\" class=\"size-full wp-image-5792\" src=\"http:\/\/hpott.com\/wp-content\/uploads\/2023\/06\/Infrared-cooker-hotpot-table.webp\" alt=\"b\u1ebfp \u0111i\u1ec7n h\u1ed3ng ngo\u1ea1i l\u1eafp \u00e2m b\u00e0n l\u1ea9u cho nh\u00e0 h\u00e0ng\" width=\"750\" height=\"1018\" srcset=\"https:\/\/hpott.com\/wp-content\/uploads\/2023\/06\/Infrared-cooker-hotpot-table.webp 750w, https:\/\/hpott.com\/wp-content\/uploads\/2023\/06\/Infrared-cooker-hotpot-table-221x300.webp 221w, https:\/\/hpott.com\/wp-content\/uploads\/2023\/06\/Infrared-cooker-hotpot-table-600x814.webp 600w, https:\/\/hpott.com\/wp-content\/uploads\/2023\/06\/Infrared-cooker-hotpot-table-64x87.webp 64w\" sizes=\"auto, (max-width: 750px) 100vw, 750px\" \/><\/p>\n<p><img loading=\"lazy\" decoding=\"async\" class=\"size-full wp-image-5790\" src=\"http:\/\/hpott.com\/wp-content\/uploads\/2023\/06\/Infrared-cooker-hotpot-table-1.webp\" alt=\"b\u1ebfp \u0111i\u1ec7n h\u1ed3ng ngo\u1ea1i l\u1eafp \u00e2m b\u00e0n l\u1ea9u cho nh\u00e0 h\u00e0ng\" width=\"750\" height=\"1351\" srcset=\"https:\/\/hpott.com\/wp-content\/uploads\/2023\/06\/Infrared-cooker-hotpot-table-1.webp 750w, https:\/\/hpott.com\/wp-content\/uploads\/2023\/06\/Infrared-cooker-hotpot-table-1-167x300.webp 167w, https:\/\/hpott.com\/wp-content\/uploads\/2023\/06\/Infrared-cooker-hotpot-table-1-568x1024.webp 568w, https:\/\/hpott.com\/wp-content\/uploads\/2023\/06\/Infrared-cooker-hotpot-table-1-600x1081.webp 600w, https:\/\/hpott.com\/wp-content\/uploads\/2023\/06\/Infrared-cooker-hotpot-table-1-64x115.webp 64w\" sizes=\"auto, (max-width: 750px) 100vw, 750px\" \/><\/p>\n<p><img loading=\"lazy\" decoding=\"async\" class=\"size-full wp-image-5791\" src=\"http:\/\/hpott.com\/wp-content\/uploads\/2023\/06\/Infrared-cooker-hotpot-table-2.webp\" alt=\"b\u1ebfp \u0111i\u1ec7n h\u1ed3ng ngo\u1ea1i l\u1eafp \u00e2m b\u00e0n l\u1ea9u cho nh\u00e0 h\u00e0ng\" width=\"750\" height=\"1431\" srcset=\"https:\/\/hpott.com\/wp-content\/uploads\/2023\/06\/Infrared-cooker-hotpot-table-2.webp 750w, https:\/\/hpott.com\/wp-content\/uploads\/2023\/06\/Infrared-cooker-hotpot-table-2-157x300.webp 157w, https:\/\/hpott.com\/wp-content\/uploads\/2023\/06\/Infrared-cooker-hotpot-table-2-537x1024.webp 537w, https:\/\/hpott.com\/wp-content\/uploads\/2023\/06\/Infrared-cooker-hotpot-table-2-600x1145.webp 600w, https:\/\/hpott.com\/wp-content\/uploads\/2023\/06\/Infrared-cooker-hotpot-table-2-64x122.webp 64w\" sizes=\"auto, (max-width: 750px) 100vw, 750px\" \/><\/p>","protected":false},"excerpt":{"rendered":"<p><strong>M\u00e3 s\u1ea3n ph\u1ea9m\uff1a <\/strong>HP-S15<\/p>\n<p>B\u00e0n l\u1ea9u b\u00e1n bu\u00f4n t\u1ea1i nh\u00e0 m\u00e1y c\u00f3 b\u1ebfp h\u1ed3ng ngo\u1ea1i, h\u1ed7 tr\u1ee3 m\u1ecdi lo\u1ea1i t\u00f9y ch\u1ec9nh.<\/p>\n<p>H\u00e3y y\u00eau c\u1ea7u tham gia c\u00f9ng ch\u00fang t\u00f4i.<\/p>","protected":false},"featured_media":5783,"template":"","meta":{"_acf_changed":false,"_seopress_robots_primary_cat":"none","_seopress_titles_title":"","_seopress_titles_desc":"","_seopress_robots_index":""},"product_brand":[],"product_cat":[30,31],"product_tag":[],"class_list":{"0":"post-5784","1":"product","2":"type-product","3":"status-publish","4":"has-post-thumbnail","6":"product_cat-hot-pot-table","7":"product_cat-square-hot-pot-tables","9":"first","10":"instock","11":"shipping-taxable","12":"product-type-simple"},"acf":[],"_links":{"self":[{"href":"https:\/\/hpott.com\/vi\/wp-json\/wp\/v2\/product\/5784","targetHints":{"allow":["GET"]}}],"collection":[{"href":"https:\/\/hpott.com\/vi\/wp-json\/wp\/v2\/product"}],"about":[{"href":"https:\/\/hpott.com\/vi\/wp-json\/wp\/v2\/types\/product"}],"wp:featuredmedia":[{"embeddable":true,"href":"https:\/\/hpott.com\/vi\/wp-json\/wp\/v2\/media\/5783"}],"wp:attachment":[{"href":"https:\/\/hpott.com\/vi\/wp-json\/wp\/v2\/media?parent=5784"}],"wp:term":[{"taxonomy":"product_brand","embeddable":true,"href":"https:\/\/hpott.com\/vi\/wp-json\/wp\/v2\/product_brand?post=5784"},{"taxonomy":"product_cat","embeddable":true,"href":"https:\/\/hpott.com\/vi\/wp-json\/wp\/v2\/product_cat?post=5784"},{"taxonomy":"product_tag","embeddable":true,"href":"https:\/\/hpott.com\/vi\/wp-json\/wp\/v2\/product_tag?post=5784"}],"curies":[{"name":"wp","href":"https:\/\/api.w.org\/{rel}","templated":true}]}}