{"id":5848,"date":"2023-07-01T00:26:57","date_gmt":"2023-07-01T08:26:57","guid":{"rendered":"https:\/\/hpott.com\/?post_type=product&#038;p=5848"},"modified":"2023-07-01T00:26:57","modified_gmt":"2023-07-01T08:26:57","slug":"bep-tu-ih-cong-suat-lon-2500-watt","status":"publish","type":"product","link":"https:\/\/hpott.com\/vi\/san-pham\/bep-tu-ih-cong-suat-lon-2500-watt\/","title":{"rendered":"B\u1ebfp t\u1eeb IH c\u00f4ng su\u1ea5t l\u1edbn 2500 Watt"},"content":{"rendered":"","protected":false},"excerpt":{"rendered":"<p><strong>M\u00e3 s\u1ea3n ph\u1ea9m: <\/strong>\u00a0HP-IW2500<\/p>\n<p><strong>K\u00edch th\u01b0\u1edbc s\u1ea3n ph\u1ea9m: <\/strong>\u0111\u01b0\u1eddng k\u00ednh 288m<\/p>\n<p><strong>\u1ee8ng d\u1ee5ng: <\/strong>b\u00e0n l\u1ea9u nh\u00e0 h\u00e0ng, b\u00e0n l\u1ea9u xoay<\/p>\n<p><strong>Kh\u00f4ng b\u1eaft bu\u1ed9c: <\/strong>nh\u1eabn th\u00e9p kh\u00f4ng g\u1ec9<\/p>\n<p>&nbsp;<\/p>","protected":false},"featured_media":5851,"template":"","meta":{"_acf_changed":false,"_seopress_robots_primary_cat":"","_seopress_titles_title":"","_seopress_titles_desc":"","_seopress_robots_index":""},"product_brand":[],"product_cat":[35,42],"product_tag":[],"class_list":{"0":"post-5848","1":"product","2":"type-product","3":"status-publish","4":"has-post-thumbnail","6":"product_cat-induction-cooker","7":"product_cat-hot-pot-induction-cooker","9":"first","10":"instock","11":"shipping-taxable","12":"product-type-simple"},"acf":[],"_links":{"self":[{"href":"https:\/\/hpott.com\/vi\/wp-json\/wp\/v2\/product\/5848","targetHints":{"allow":["GET"]}}],"collection":[{"href":"https:\/\/hpott.com\/vi\/wp-json\/wp\/v2\/product"}],"about":[{"href":"https:\/\/hpott.com\/vi\/wp-json\/wp\/v2\/types\/product"}],"wp:featuredmedia":[{"embeddable":true,"href":"https:\/\/hpott.com\/vi\/wp-json\/wp\/v2\/media\/5851"}],"wp:attachment":[{"href":"https:\/\/hpott.com\/vi\/wp-json\/wp\/v2\/media?parent=5848"}],"wp:term":[{"taxonomy":"product_brand","embeddable":true,"href":"https:\/\/hpott.com\/vi\/wp-json\/wp\/v2\/product_brand?post=5848"},{"taxonomy":"product_cat","embeddable":true,"href":"https:\/\/hpott.com\/vi\/wp-json\/wp\/v2\/product_cat?post=5848"},{"taxonomy":"product_tag","embeddable":true,"href":"https:\/\/hpott.com\/vi\/wp-json\/wp\/v2\/product_tag?post=5848"}],"curies":[{"name":"wp","href":"https:\/\/api.w.org\/{rel}","templated":true}]}}