{"id":5863,"date":"2023-07-01T01:21:54","date_gmt":"2023-07-01T09:21:54","guid":{"rendered":"https:\/\/hpott.com\/?post_type=product&#038;p=5863"},"modified":"2023-07-05T01:26:19","modified_gmt":"2023-07-05T09:26:19","slug":"bep-hong-ngoai-gom-ban-chay-bep-hong-ngoai-dien-1500w-2000w","status":"publish","type":"product","link":"https:\/\/hpott.com\/vi\/san-pham\/bep-hong-ngoai-gom-ban-chay-bep-hong-ngoai-dien-1500w-2000w\/","title":{"rendered":"B\u00e1n ch\u1ea1y B\u1ebfp \u0111i\u1ec7n h\u1ed3ng ngo\u1ea1i g\u1ed1m B\u1ebfp \u0111i\u1ec7n h\u1ed3ng ngo\u1ea1i 1500W 2000W"},"content":{"rendered":"<p><strong>\u3010T\u00ean<\/strong>\u3011: B\u1ebfp t\u1eeb l\u1ea9u<br \/>\n\u3010<strong>Ngu\u1ed3n g\u1ed1c<\/strong>\u3011: Qu\u1ea3ng \u0110\u00f4ng, Trung Qu\u1ed1c<br \/>\n\u3010<strong>\u0110i\u1ec7n \u00e1p<\/strong>\u3011: 220-240V~50, 60Hz<br \/>\n\u3010<strong>Quy\u1ec1n l\u1ef1c<\/strong>\u3011: 1500W-2000W<\/p>\n<p>\u3010<strong>V\u00f2ng th\u00e9p kh\u00f4ng g\u1ec9<\/strong>\u3011<strong>:\u00a0<\/strong>c\u00f3 s\u1eb5n h\u00ecnh tr\u00f2n ho\u1eb7c h\u00ecnh vu\u00f4ng<\/p>\n<h3><em><strong>T\u00ednh n\u0103ng<\/strong><\/em><\/h3>\n<ul>\n<li><em>H\u00ecnh d\u1ea1ng nh\u1ef1a \u0111\u1ec3 t\u00edch h\u1ee3p<\/em><\/li>\n<li><em>M\u00e0n h\u00ecnh LED<\/em><\/li>\n<li><em>5 giai \u0111o\u1ea1n c\u00e0i \u0111\u1eb7t ngu\u1ed3n \u0111i\u1ec7n<\/em><\/li>\n<li><em>T\u1ef1 \u0111\u1ed9ng ng\u1eaft khi qu\u00e1 t\u1ea3i v\u00e0 B\u1ea3o v\u1ec7 \u0111a n\u0103ng<\/em><\/li>\n<li><em>K\u00edch th\u01b0\u1edbc t\u1ea5m k\u00ednh: \u0110\u01b0\u1eddng k\u00ednh 245mm<\/em><\/li>\n<\/ul>\n<p><img loading=\"lazy\" decoding=\"async\" class=\"size-full wp-image-5920\" src=\"http:\/\/hpott.com\/wp-content\/uploads\/2023\/07\/2.webp\" alt=\"b\u1ebfp h\u1ed3ng ngo\u1ea1i g\u1ed1m b\u00e1n ch\u1ea1y b\u1ebfp h\u1ed3ng ngo\u1ea1i \u0111i\u1ec7n 1500w 2000w\" width=\"750\" height=\"1794\" srcset=\"https:\/\/hpott.com\/wp-content\/uploads\/2023\/07\/2.webp 750w, https:\/\/hpott.com\/wp-content\/uploads\/2023\/07\/2-125x300.webp 125w, https:\/\/hpott.com\/wp-content\/uploads\/2023\/07\/2-428x1024.webp 428w, https:\/\/hpott.com\/wp-content\/uploads\/2023\/07\/2-642x1536.webp 642w, https:\/\/hpott.com\/wp-content\/uploads\/2023\/07\/2-600x1435.webp 600w, https:\/\/hpott.com\/wp-content\/uploads\/2023\/07\/2-64x153.webp 64w\" sizes=\"auto, (max-width: 750px) 100vw, 750px\" \/><\/p>\n<p><img loading=\"lazy\" decoding=\"async\" class=\"size-full wp-image-5922\" src=\"http:\/\/hpott.com\/wp-content\/uploads\/2023\/07\/1.webp\" alt=\"b\u1ebfp h\u1ed3ng ngo\u1ea1i g\u1ed1m b\u00e1n ch\u1ea1y b\u1ebfp h\u1ed3ng ngo\u1ea1i \u0111i\u1ec7n 1500w 2000w\" width=\"750\" height=\"1908\" srcset=\"https:\/\/hpott.com\/wp-content\/uploads\/2023\/07\/1.webp 750w, https:\/\/hpott.com\/wp-content\/uploads\/2023\/07\/1-118x300.webp 118w, https:\/\/hpott.com\/wp-content\/uploads\/2023\/07\/1-403x1024.webp 403w, https:\/\/hpott.com\/wp-content\/uploads\/2023\/07\/1-604x1536.webp 604w, https:\/\/hpott.com\/wp-content\/uploads\/2023\/07\/1-600x1526.webp 600w, https:\/\/hpott.com\/wp-content\/uploads\/2023\/07\/1-64x163.webp 64w\" sizes=\"auto, (max-width: 750px) 100vw, 750px\" \/><\/p>","protected":false},"excerpt":{"rendered":"<p><strong>M\u00e3 s\u1ea3n ph\u1ea9m:\u00a0<\/strong> HP-CWR1500<\/p>\n<p><strong>K\u00edch th\u01b0\u1edbc s\u1ea3n ph\u1ea9m:\u00a0<\/strong>\u0111\u01b0\u1eddng k\u00ednh 245m<\/p>\n<p><strong>\u1ee8ng d\u1ee5ng:\u00a0<\/strong>b\u00e0n l\u1ea9u nh\u00e0 h\u00e0ng, b\u00e0n l\u1ea9u xoay<\/p>\n<p><strong>Kh\u00f4ng b\u1eaft bu\u1ed9c:\u00a0<\/strong>nh\u1eabn th\u00e9p kh\u00f4ng g\u1ec9<\/p>","protected":false},"featured_media":5869,"template":"","meta":{"_acf_changed":false,"_seopress_robots_primary_cat":"none","_seopress_titles_title":"","_seopress_titles_desc":"","_seopress_robots_index":""},"product_brand":[],"product_cat":[35,42],"product_tag":[],"class_list":{"0":"post-5863","1":"product","2":"type-product","3":"status-publish","4":"has-post-thumbnail","6":"product_cat-induction-cooker","7":"product_cat-hot-pot-induction-cooker","9":"first","10":"instock","11":"shipping-taxable","12":"product-type-simple"},"acf":[],"_links":{"self":[{"href":"https:\/\/hpott.com\/vi\/wp-json\/wp\/v2\/product\/5863","targetHints":{"allow":["GET"]}}],"collection":[{"href":"https:\/\/hpott.com\/vi\/wp-json\/wp\/v2\/product"}],"about":[{"href":"https:\/\/hpott.com\/vi\/wp-json\/wp\/v2\/types\/product"}],"wp:featuredmedia":[{"embeddable":true,"href":"https:\/\/hpott.com\/vi\/wp-json\/wp\/v2\/media\/5869"}],"wp:attachment":[{"href":"https:\/\/hpott.com\/vi\/wp-json\/wp\/v2\/media?parent=5863"}],"wp:term":[{"taxonomy":"product_brand","embeddable":true,"href":"https:\/\/hpott.com\/vi\/wp-json\/wp\/v2\/product_brand?post=5863"},{"taxonomy":"product_cat","embeddable":true,"href":"https:\/\/hpott.com\/vi\/wp-json\/wp\/v2\/product_cat?post=5863"},{"taxonomy":"product_tag","embeddable":true,"href":"https:\/\/hpott.com\/vi\/wp-json\/wp\/v2\/product_tag?post=5863"}],"curies":[{"name":"wp","href":"https:\/\/api.w.org\/{rel}","templated":true}]}}