{"id":5866,"date":"2023-07-01T01:20:47","date_gmt":"2023-07-01T09:20:47","guid":{"rendered":"https:\/\/hpott.com\/?post_type=product&#038;p=5866"},"modified":"2023-07-01T01:20:47","modified_gmt":"2023-07-01T09:20:47","slug":"bep-dien-tu-mini-dieu-khien-bang-day-800w-dung-cho-ban-lau-xoay","status":"publish","type":"product","link":"https:\/\/hpott.com\/vi\/san-pham\/bep-dien-tu-mini-dieu-khien-bang-day-800w-dung-cho-ban-lau-xoay\/","title":{"rendered":"B\u1ebfp \u0111i\u1ec7n t\u1eeb mini \u0111i\u1ec1u khi\u1ec3n b\u1eb1ng d\u00e2y 800W d\u00f9ng cho b\u00e0n l\u1ea9u xoay"},"content":{"rendered":"","protected":false},"excerpt":{"rendered":"<p><strong>M\u00e3 s\u1ea3n ph\u1ea9m\uff1a<\/strong> HP-IWS800<\/p>\n<p><strong>K\u00edch th\u01b0\u1edbc s\u1ea3n ph\u1ea9m:<\/strong> 215X175mm<\/p>\n<p><strong>\u1ee8ng d\u1ee5ng:<\/strong> b\u00e0n l\u1ea9u, nh\u00e0 h\u00e0ng, kh\u00e1ch s\u1ea1n.<\/p>","protected":false},"featured_media":5870,"template":"","meta":{"_acf_changed":false,"_seopress_robots_primary_cat":"","_seopress_titles_title":"","_seopress_titles_desc":"","_seopress_robots_index":""},"product_brand":[],"product_cat":[35,42],"product_tag":[],"class_list":{"0":"post-5866","1":"product","2":"type-product","3":"status-publish","4":"has-post-thumbnail","6":"product_cat-induction-cooker","7":"product_cat-hot-pot-induction-cooker","9":"first","10":"instock","11":"shipping-taxable","12":"product-type-simple"},"acf":[],"_links":{"self":[{"href":"https:\/\/hpott.com\/vi\/wp-json\/wp\/v2\/product\/5866","targetHints":{"allow":["GET"]}}],"collection":[{"href":"https:\/\/hpott.com\/vi\/wp-json\/wp\/v2\/product"}],"about":[{"href":"https:\/\/hpott.com\/vi\/wp-json\/wp\/v2\/types\/product"}],"wp:featuredmedia":[{"embeddable":true,"href":"https:\/\/hpott.com\/vi\/wp-json\/wp\/v2\/media\/5870"}],"wp:attachment":[{"href":"https:\/\/hpott.com\/vi\/wp-json\/wp\/v2\/media?parent=5866"}],"wp:term":[{"taxonomy":"product_brand","embeddable":true,"href":"https:\/\/hpott.com\/vi\/wp-json\/wp\/v2\/product_brand?post=5866"},{"taxonomy":"product_cat","embeddable":true,"href":"https:\/\/hpott.com\/vi\/wp-json\/wp\/v2\/product_cat?post=5866"},{"taxonomy":"product_tag","embeddable":true,"href":"https:\/\/hpott.com\/vi\/wp-json\/wp\/v2\/product_tag?post=5866"}],"curies":[{"name":"wp","href":"https:\/\/api.w.org\/{rel}","templated":true}]}}