{"id":5890,"date":"2023-07-01T02:15:03","date_gmt":"2023-07-01T10:15:03","guid":{"rendered":"https:\/\/hpott.com\/?post_type=product&#038;p=5890"},"modified":"2023-07-01T02:15:03","modified_gmt":"2023-07-01T10:15:03","slug":"ban-buon-800w-cong-suat-thap-man-hinh-cam-ung-dieu-khien-noi-lau-tiet-kiem-nang-luong","status":"publish","type":"product","link":"https:\/\/hpott.com\/vi\/san-pham\/ban-buon-800w-cong-suat-thap-man-hinh-cam-ung-dieu-khien-noi-lau-tiet-kiem-nang-luong\/","title":{"rendered":"B\u00e1n bu\u00f4n 800W C\u00f4ng su\u1ea5t th\u1ea5p M\u00e0n h\u00ecnh c\u1ea3m \u1ee9ng \u0110i\u1ec1u khi\u1ec3n B\u1ebfp \u0111i\u1ec7n t\u1eeb l\u1ea9u ti\u1ebft ki\u1ec7m n\u0103ng l\u01b0\u1ee3ng"},"content":{"rendered":"","protected":false},"excerpt":{"rendered":"<p>M\u00e3 s\u1ea3n ph\u1ea9m: HP-ITS3000<\/p>\n<p>K\u00edch th\u01b0\u1edbc: 215X175 mm<\/p>\n<p>T\u00f9y ch\u1ecdn: v\u00f2ng th\u00e9p kh\u00f4ng g\u1ec9<\/p>\n<p>\u1ee8ng d\u1ee5ng: b\u00e0n l\u1ea9u, b\u00e0n l\u1ea9u xoay t\u1ef1 \u0111\u1ed9ng.<\/p>","protected":false},"featured_media":5893,"template":"","meta":{"_acf_changed":false,"_seopress_robots_primary_cat":"","_seopress_titles_title":"","_seopress_titles_desc":"","_seopress_robots_index":""},"product_brand":[],"product_cat":[35,42],"product_tag":[],"class_list":{"0":"post-5890","1":"product","2":"type-product","3":"status-publish","4":"has-post-thumbnail","6":"product_cat-induction-cooker","7":"product_cat-hot-pot-induction-cooker","9":"first","10":"instock","11":"shipping-taxable","12":"product-type-simple"},"acf":[],"_links":{"self":[{"href":"https:\/\/hpott.com\/vi\/wp-json\/wp\/v2\/product\/5890","targetHints":{"allow":["GET"]}}],"collection":[{"href":"https:\/\/hpott.com\/vi\/wp-json\/wp\/v2\/product"}],"about":[{"href":"https:\/\/hpott.com\/vi\/wp-json\/wp\/v2\/types\/product"}],"wp:featuredmedia":[{"embeddable":true,"href":"https:\/\/hpott.com\/vi\/wp-json\/wp\/v2\/media\/5893"}],"wp:attachment":[{"href":"https:\/\/hpott.com\/vi\/wp-json\/wp\/v2\/media?parent=5890"}],"wp:term":[{"taxonomy":"product_brand","embeddable":true,"href":"https:\/\/hpott.com\/vi\/wp-json\/wp\/v2\/product_brand?post=5890"},{"taxonomy":"product_cat","embeddable":true,"href":"https:\/\/hpott.com\/vi\/wp-json\/wp\/v2\/product_cat?post=5890"},{"taxonomy":"product_tag","embeddable":true,"href":"https:\/\/hpott.com\/vi\/wp-json\/wp\/v2\/product_tag?post=5890"}],"curies":[{"name":"wp","href":"https:\/\/api.w.org\/{rel}","templated":true}]}}