{"id":5894,"date":"2023-07-03T01:03:41","date_gmt":"2023-07-03T09:03:41","guid":{"rendered":"https:\/\/hpott.com\/?post_type=product&#038;p=5894"},"modified":"2023-07-11T01:58:05","modified_gmt":"2023-07-11T09:58:05","slug":"bep-hong-ngoai-bep-hong-ngoai-quoc-gia-bep-tu-hong-ngoai","status":"publish","type":"product","link":"https:\/\/hpott.com\/vi\/san-pham\/bep-hong-ngoai-bep-hong-ngoai-quoc-gia-bep-tu-hong-ngoai\/","title":{"rendered":"B\u1ebfp h\u1ed3ng ngo\u1ea1i B\u1ebfp h\u1ed3ng ngo\u1ea1i National B\u1ebfp h\u1ed3ng ngo\u1ea1i c\u1ea3m \u1ee9ng"},"content":{"rendered":"<p><strong>\u3010T\u00ean<\/strong>\u3011: B\u1ebfp t\u1eeb l\u1ea9u<br \/>\n\u3010<strong>Ngu\u1ed3n g\u1ed1c<\/strong>\u3011: Qu\u1ea3ng \u0110\u00f4ng, Trung Qu\u1ed1c<br \/>\n\u3010<strong>\u0110i\u1ec7n \u00e1p<\/strong>\u3011: 220-240V~50, 60Hz<br \/>\n\u3010<strong>Quy\u1ec1n l\u1ef1c<\/strong>\u3011: 3000W-3500W<\/p>\n<p>\u3010<strong>V\u00f2ng th\u00e9p kh\u00f4ng g\u1ec9<\/strong>\u3011<strong>:\u00a0<\/strong>c\u00f3 s\u1eb5n h\u00ecnh tr\u00f2n ho\u1eb7c h\u00ecnh vu\u00f4ng<\/p>\n<h3><em><strong>T\u00ednh n\u0103ng<\/strong><\/em><\/h3>\n<ul>\n<li><em>H\u00ecnh d\u1ea1ng nh\u1ef1a \u0111\u1ec3 t\u00edch h\u1ee3p<\/em><\/li>\n<li><em>M\u00e0n h\u00ecnh LED<\/em><\/li>\n<li><em>5 giai \u0111o\u1ea1n c\u00e0i \u0111\u1eb7t ngu\u1ed3n \u0111i\u1ec7n<\/em><\/li>\n<li><em>T\u1ef1 \u0111\u1ed9ng ng\u1eaft khi qu\u00e1 t\u1ea3i v\u00e0 B\u1ea3o v\u1ec7 \u0111a n\u0103ng<\/em><\/li>\n<li><em>K\u00edch th\u01b0\u1edbc t\u1ea5m k\u00ednh: \u0110\u01b0\u1eddng k\u00ednh 328mm<\/em><\/li>\n<\/ul>\n<div class=\"mceTemp\"><\/div>\n<p><img loading=\"lazy\" decoding=\"async\" class=\"size-full wp-image-5930\" src=\"http:\/\/hpott.com\/wp-content\/uploads\/2023\/07\/222.webp\" alt=\"b\u1ebfp h\u1ed3ng ngo\u1ea1i b\u1ebfp h\u1ed3ng ngo\u1ea1i qu\u1ed1c gia b\u1ebfp t\u1eeb h\u1ed3ng ngo\u1ea1i\" width=\"750\" height=\"2000\" srcset=\"https:\/\/hpott.com\/wp-content\/uploads\/2023\/07\/222.webp 750w, https:\/\/hpott.com\/wp-content\/uploads\/2023\/07\/222-113x300.webp 113w, https:\/\/hpott.com\/wp-content\/uploads\/2023\/07\/222-384x1024.webp 384w, https:\/\/hpott.com\/wp-content\/uploads\/2023\/07\/222-576x1536.webp 576w, https:\/\/hpott.com\/wp-content\/uploads\/2023\/07\/222-600x1600.webp 600w, https:\/\/hpott.com\/wp-content\/uploads\/2023\/07\/222-64x171.webp 64w\" sizes=\"auto, (max-width: 750px) 100vw, 750px\" \/><\/p>\n<p><img loading=\"lazy\" decoding=\"async\" class=\"size-full wp-image-5931\" src=\"http:\/\/hpott.com\/wp-content\/uploads\/2023\/07\/111.webp\" alt=\"b\u1ebfp h\u1ed3ng ngo\u1ea1i b\u1ebfp h\u1ed3ng ngo\u1ea1i qu\u1ed1c gia b\u1ebfp t\u1eeb h\u1ed3ng ngo\u1ea1i\" width=\"750\" height=\"2500\" srcset=\"https:\/\/hpott.com\/wp-content\/uploads\/2023\/07\/111.webp 750w, https:\/\/hpott.com\/wp-content\/uploads\/2023\/07\/111-90x300.webp 90w, https:\/\/hpott.com\/wp-content\/uploads\/2023\/07\/111-307x1024.webp 307w, https:\/\/hpott.com\/wp-content\/uploads\/2023\/07\/111-461x1536.webp 461w, https:\/\/hpott.com\/wp-content\/uploads\/2023\/07\/111-614x2048.webp 614w, https:\/\/hpott.com\/wp-content\/uploads\/2023\/07\/111-600x2000.webp 600w, https:\/\/hpott.com\/wp-content\/uploads\/2023\/07\/111-64x213.webp 64w\" sizes=\"auto, (max-width: 750px) 100vw, 750px\" \/><\/p>","protected":false},"excerpt":{"rendered":"<p><strong>M\u00e3 s\u1ea3n ph\u1ea9m:\u00a0<\/strong> HP-CWR3500<\/p>\n<p><strong>K\u00edch th\u01b0\u1edbc s\u1ea3n ph\u1ea9m:\u00a0<\/strong>\u0111\u01b0\u1eddng k\u00ednh 328m<\/p>\n<p><strong>\u1ee8ng d\u1ee5ng:\u00a0<\/strong>b\u00e0n l\u1ea9u nh\u00e0 h\u00e0ng, b\u00e0n l\u1ea9u xoay<\/p>\n<p><strong>Kh\u00f4ng b\u1eaft bu\u1ed9c:\u00a0<\/strong>nh\u1eabn th\u00e9p kh\u00f4ng g\u1ec9<\/p>","protected":false},"featured_media":5904,"template":"","meta":{"_acf_changed":false,"_seopress_robots_primary_cat":"none","_seopress_titles_title":"","_seopress_titles_desc":"","_seopress_robots_index":""},"product_brand":[],"product_cat":[35,42],"product_tag":[],"class_list":{"0":"post-5894","1":"product","2":"type-product","3":"status-publish","4":"has-post-thumbnail","6":"product_cat-induction-cooker","7":"product_cat-hot-pot-induction-cooker","9":"first","10":"instock","11":"shipping-taxable","12":"product-type-simple"},"acf":[],"_links":{"self":[{"href":"https:\/\/hpott.com\/vi\/wp-json\/wp\/v2\/product\/5894","targetHints":{"allow":["GET"]}}],"collection":[{"href":"https:\/\/hpott.com\/vi\/wp-json\/wp\/v2\/product"}],"about":[{"href":"https:\/\/hpott.com\/vi\/wp-json\/wp\/v2\/types\/product"}],"wp:featuredmedia":[{"embeddable":true,"href":"https:\/\/hpott.com\/vi\/wp-json\/wp\/v2\/media\/5904"}],"wp:attachment":[{"href":"https:\/\/hpott.com\/vi\/wp-json\/wp\/v2\/media?parent=5894"}],"wp:term":[{"taxonomy":"product_brand","embeddable":true,"href":"https:\/\/hpott.com\/vi\/wp-json\/wp\/v2\/product_brand?post=5894"},{"taxonomy":"product_cat","embeddable":true,"href":"https:\/\/hpott.com\/vi\/wp-json\/wp\/v2\/product_cat?post=5894"},{"taxonomy":"product_tag","embeddable":true,"href":"https:\/\/hpott.com\/vi\/wp-json\/wp\/v2\/product_tag?post=5894"}],"curies":[{"name":"wp","href":"https:\/\/api.w.org\/{rel}","templated":true}]}}