{"id":5905,"date":"2023-07-03T01:37:59","date_gmt":"2023-07-03T09:37:59","guid":{"rendered":"https:\/\/hpott.com\/?post_type=product&#038;p=5905"},"modified":"2023-07-14T01:50:11","modified_gmt":"2023-07-14T09:50:11","slug":"gia-si-thoi-trang-bep-hong-ngoai-bep-dien-gom","status":"publish","type":"product","link":"https:\/\/hpott.com\/vi\/san-pham\/gia-si-thoi-trang-bep-hong-ngoai-bep-dien-gom\/","title":{"rendered":"Gi\u00e1 b\u00e1n bu\u00f4n th\u1eddi trang B\u1ebfp h\u1ed3ng ngo\u1ea1i B\u1ebfp \u0111i\u1ec7n g\u1ed1m"},"content":{"rendered":"<p><strong>\u3010T\u00ean<\/strong>\u3011: B\u1ebfp t\u1eeb l\u1ea9u<br \/>\n\u3010<strong>Ngu\u1ed3n g\u1ed1c<\/strong>\u3011: Qu\u1ea3ng \u0110\u00f4ng, Trung Qu\u1ed1c<br \/>\n\u3010<strong>\u0110i\u1ec7n \u00e1p<\/strong>\u3011: 220-240V~50, 60Hz<br \/>\n\u3010<strong>Quy\u1ec1n l\u1ef1c<\/strong>\u3011: 3500W-4500W<\/p>\n<p>\u3010<strong>V\u00f2ng th\u00e9p kh\u00f4ng g\u1ec9<\/strong>\u3011<strong>:\u00a0<\/strong>c\u00f3 s\u1eb5n h\u00ecnh tr\u00f2n ho\u1eb7c h\u00ecnh vu\u00f4ng<\/p>\n<h3><em><strong>T\u00ednh n\u0103ng<\/strong><\/em><\/h3>\n<ul>\n<li><em>H\u00ecnh d\u1ea1ng nh\u1ef1a \u0111\u1ec3 t\u00edch h\u1ee3p<\/em><\/li>\n<li><em>M\u00e0n h\u00ecnh LED<\/em><\/li>\n<li><em>5 giai \u0111o\u1ea1n c\u00e0i \u0111\u1eb7t ngu\u1ed3n \u0111i\u1ec7n<\/em><\/li>\n<li><em>T\u1ef1 \u0111\u1ed9ng ng\u1eaft khi qu\u00e1 t\u1ea3i v\u00e0 B\u1ea3o v\u1ec7 \u0111a n\u0103ng<\/em><\/li>\n<li><em>K\u00edch th\u01b0\u1edbc t\u1ea5m k\u00ednh: \u0110\u01b0\u1eddng k\u00ednh 380mm<\/em><\/li>\n<\/ul>\n<p><img loading=\"lazy\" decoding=\"async\" class=\"size-full wp-image-5942\" src=\"http:\/\/hpott.com\/wp-content\/uploads\/2023\/07\/1.0.png\" alt=\"gi\u00e1 s\u1ec9 th\u1eddi trang b\u1ebfp h\u1ed3ng ngo\u1ea1i b\u1ebfp \u0111i\u1ec7n g\u1ed1m\" width=\"750\" height=\"1821\" srcset=\"https:\/\/hpott.com\/wp-content\/uploads\/2023\/07\/1.0.png 750w, https:\/\/hpott.com\/wp-content\/uploads\/2023\/07\/1.0-124x300.png 124w, https:\/\/hpott.com\/wp-content\/uploads\/2023\/07\/1.0-422x1024.png 422w, https:\/\/hpott.com\/wp-content\/uploads\/2023\/07\/1.0-633x1536.png 633w, https:\/\/hpott.com\/wp-content\/uploads\/2023\/07\/1.0-600x1457.png 600w, https:\/\/hpott.com\/wp-content\/uploads\/2023\/07\/1.0-64x155.png 64w\" sizes=\"auto, (max-width: 750px) 100vw, 750px\" \/><\/p>\n<p><img loading=\"lazy\" decoding=\"async\" class=\"size-full wp-image-5943\" src=\"http:\/\/hpott.com\/wp-content\/uploads\/2023\/07\/2.0.png\" alt=\"gi\u00e1 s\u1ec9 th\u1eddi trang b\u1ebfp h\u1ed3ng ngo\u1ea1i b\u1ebfp \u0111i\u1ec7n g\u1ed1m\" width=\"750\" height=\"2377\" srcset=\"https:\/\/hpott.com\/wp-content\/uploads\/2023\/07\/2.0.png 750w, https:\/\/hpott.com\/wp-content\/uploads\/2023\/07\/2.0-95x300.png 95w, https:\/\/hpott.com\/wp-content\/uploads\/2023\/07\/2.0-323x1024.png 323w, https:\/\/hpott.com\/wp-content\/uploads\/2023\/07\/2.0-485x1536.png 485w, https:\/\/hpott.com\/wp-content\/uploads\/2023\/07\/2.0-646x2048.png 646w, https:\/\/hpott.com\/wp-content\/uploads\/2023\/07\/2.0-600x1902.png 600w, https:\/\/hpott.com\/wp-content\/uploads\/2023\/07\/2.0-64x203.png 64w\" sizes=\"auto, (max-width: 750px) 100vw, 750px\" \/><\/p>\n<p>&nbsp;<\/p>","protected":false},"excerpt":{"rendered":"<p><strong>M\u00e3 s\u1ea3n ph\u1ea9m:\u00a0<\/strong> HP-CWR4500<\/p>\n<p><strong>K\u00edch th\u01b0\u1edbc s\u1ea3n ph\u1ea9m:\u00a0<\/strong>\u0111\u01b0\u1eddng k\u00ednh 380m<\/p>\n<p><strong>\u1ee8ng d\u1ee5ng:\u00a0<\/strong>b\u00e0n l\u1ea9u nh\u00e0 h\u00e0ng, b\u00e0n l\u1ea9u xoay<\/p>\n<p><strong>Kh\u00f4ng b\u1eaft bu\u1ed9c:\u00a0<\/strong>nh\u1eabn th\u00e9p kh\u00f4ng g\u1ec9<\/p>","protected":false},"featured_media":5908,"template":"","meta":{"_acf_changed":false,"_seopress_robots_primary_cat":"none","_seopress_titles_title":"","_seopress_titles_desc":"","_seopress_robots_index":""},"product_brand":[],"product_cat":[35,42],"product_tag":[],"class_list":{"0":"post-5905","1":"product","2":"type-product","3":"status-publish","4":"has-post-thumbnail","6":"product_cat-induction-cooker","7":"product_cat-hot-pot-induction-cooker","9":"first","10":"instock","11":"shipping-taxable","12":"product-type-simple"},"acf":[],"_links":{"self":[{"href":"https:\/\/hpott.com\/vi\/wp-json\/wp\/v2\/product\/5905","targetHints":{"allow":["GET"]}}],"collection":[{"href":"https:\/\/hpott.com\/vi\/wp-json\/wp\/v2\/product"}],"about":[{"href":"https:\/\/hpott.com\/vi\/wp-json\/wp\/v2\/types\/product"}],"wp:featuredmedia":[{"embeddable":true,"href":"https:\/\/hpott.com\/vi\/wp-json\/wp\/v2\/media\/5908"}],"wp:attachment":[{"href":"https:\/\/hpott.com\/vi\/wp-json\/wp\/v2\/media?parent=5905"}],"wp:term":[{"taxonomy":"product_brand","embeddable":true,"href":"https:\/\/hpott.com\/vi\/wp-json\/wp\/v2\/product_brand?post=5905"},{"taxonomy":"product_cat","embeddable":true,"href":"https:\/\/hpott.com\/vi\/wp-json\/wp\/v2\/product_cat?post=5905"},{"taxonomy":"product_tag","embeddable":true,"href":"https:\/\/hpott.com\/vi\/wp-json\/wp\/v2\/product_tag?post=5905"}],"curies":[{"name":"wp","href":"https:\/\/api.w.org\/{rel}","templated":true}]}}