{"id":6050,"date":"2023-11-01T00:32:34","date_gmt":"2023-11-01T08:32:34","guid":{"rendered":"https:\/\/hpott.com\/?post_type=product&#038;p=6050"},"modified":"2023-11-01T00:32:35","modified_gmt":"2023-11-01T08:32:35","slug":"noi-nau-an-bang-vang-thuong-mai-noi-lau-shabu-dien-ban-an-cho-nha-hang","status":"publish","type":"product","link":"https:\/\/hpott.com\/vi\/san-pham\/noi-nau-an-bang-vang-thuong-mai-noi-lau-shabu-dien-ban-an-cho-nha-hang\/","title":{"rendered":"B\u00e0n \u0103n l\u1ea9u Shabu \u0111i\u1ec7n th\u01b0\u01a1ng m\u1ea1i Gold Cookware cho nh\u00e0 h\u00e0ng"},"content":{"rendered":"","protected":false},"excerpt":{"rendered":"<p><strong>M\u00e3 s\u1ea3n ph\u1ea9m\uff1a\u00a0<\/strong>HP-S17<\/p>\n<p>Gi\u00e1 b\u00e1n bu\u00f4n t\u1ea1i x\u01b0\u1edfng v\u00e0 d\u1ecbch v\u1ee5 t\u00f9y ch\u1ec9nh, h\u00e3y li\u00ean h\u1ec7 v\u1edbi ch\u00fang t\u00f4i.<\/p>","protected":false},"featured_media":6053,"template":"","meta":{"_acf_changed":false,"_seopress_robots_primary_cat":"","_seopress_titles_title":"","_seopress_titles_desc":"","_seopress_robots_index":""},"product_brand":[],"product_cat":[30,31],"product_tag":[],"class_list":{"0":"post-6050","1":"product","2":"type-product","3":"status-publish","4":"has-post-thumbnail","6":"product_cat-hot-pot-table","7":"product_cat-square-hot-pot-tables","9":"first","10":"instock","11":"shipping-taxable","12":"product-type-simple"},"acf":[],"_links":{"self":[{"href":"https:\/\/hpott.com\/vi\/wp-json\/wp\/v2\/product\/6050","targetHints":{"allow":["GET"]}}],"collection":[{"href":"https:\/\/hpott.com\/vi\/wp-json\/wp\/v2\/product"}],"about":[{"href":"https:\/\/hpott.com\/vi\/wp-json\/wp\/v2\/types\/product"}],"wp:featuredmedia":[{"embeddable":true,"href":"https:\/\/hpott.com\/vi\/wp-json\/wp\/v2\/media\/6053"}],"wp:attachment":[{"href":"https:\/\/hpott.com\/vi\/wp-json\/wp\/v2\/media?parent=6050"}],"wp:term":[{"taxonomy":"product_brand","embeddable":true,"href":"https:\/\/hpott.com\/vi\/wp-json\/wp\/v2\/product_brand?post=6050"},{"taxonomy":"product_cat","embeddable":true,"href":"https:\/\/hpott.com\/vi\/wp-json\/wp\/v2\/product_cat?post=6050"},{"taxonomy":"product_tag","embeddable":true,"href":"https:\/\/hpott.com\/vi\/wp-json\/wp\/v2\/product_tag?post=6050"}],"curies":[{"name":"wp","href":"https:\/\/api.w.org\/{rel}","templated":true}]}}