{"id":6361,"date":"2025-06-20T19:17:39","date_gmt":"2025-06-21T03:17:39","guid":{"rendered":"https:\/\/hpott.com\/?post_type=product&#038;p=6361"},"modified":"2025-06-20T19:33:59","modified_gmt":"2025-06-21T03:33:59","slug":"may-nuong-thit-dien-bbq-kebab-3400w-may-nuong-thit-tu-dong-thuong-mai-xoay","status":"publish","type":"product","link":"https:\/\/hpott.com\/vi\/san-pham\/may-nuong-thit-dien-bbq-kebab-3400w-may-nuong-thit-tu-dong-thuong-mai-xoay\/","title":{"rendered":"M\u00e1y n\u01b0\u1edbng th\u1ecbt BBQ Kebab \u0111i\u1ec7n 3400W M\u00e1y n\u01b0\u1edbng th\u1ecbt BBQ xoay t\u1ef1 \u0111\u1ed9ng th\u01b0\u01a1ng m\u1ea1i"},"content":{"rendered":"<p><img loading=\"lazy\" decoding=\"async\" class=\"wp-image-6357 size-full\" src=\"https:\/\/hpott.com\/wp-content\/uploads\/2025\/06\/16-skewers.webp\" alt=\"nh\u00e0 h\u00e0ng th\u01b0\u01a1ng m\u1ea1i l\u00f2 n\u01b0\u1edbng bbq t\u1ef1 \u0111\u1ed9ng xoay 360 l\u00f2 n\u01b0\u1edbng b\u1eb1ng th\u00e9p kh\u00f4ng g\u1ec9\" width=\"790\" height=\"1043\" srcset=\"https:\/\/hpott.com\/wp-content\/uploads\/2025\/06\/16-skewers.webp 790w, https:\/\/hpott.com\/wp-content\/uploads\/2025\/06\/16-skewers-227x300.webp 227w, https:\/\/hpott.com\/wp-content\/uploads\/2025\/06\/16-skewers-776x1024.webp 776w, https:\/\/hpott.com\/wp-content\/uploads\/2025\/06\/16-skewers-768x1014.webp 768w, https:\/\/hpott.com\/wp-content\/uploads\/2025\/06\/16-skewers-9x12.webp 9w, https:\/\/hpott.com\/wp-content\/uploads\/2025\/06\/16-skewers-600x792.webp 600w, https:\/\/hpott.com\/wp-content\/uploads\/2025\/06\/16-skewers-64x84.webp 64w\" sizes=\"auto, (max-width: 790px) 100vw, 790px\" \/><\/p>\n<p><img loading=\"lazy\" decoding=\"async\" class=\"wp-image-6358 size-full\" src=\"https:\/\/hpott.com\/wp-content\/uploads\/2025\/06\/10009.webp\" alt=\"nh\u00e0 h\u00e0ng th\u01b0\u01a1ng m\u1ea1i l\u00f2 n\u01b0\u1edbng bbq t\u1ef1 \u0111\u1ed9ng xoay 360 l\u00f2 n\u01b0\u1edbng b\u1eb1ng th\u00e9p kh\u00f4ng g\u1ec9\" width=\"790\" height=\"974\" srcset=\"https:\/\/hpott.com\/wp-content\/uploads\/2025\/06\/10009.webp 790w, https:\/\/hpott.com\/wp-content\/uploads\/2025\/06\/10009-243x300.webp 243w, https:\/\/hpott.com\/wp-content\/uploads\/2025\/06\/10009-768x947.webp 768w, https:\/\/hpott.com\/wp-content\/uploads\/2025\/06\/10009-10x12.webp 10w, https:\/\/hpott.com\/wp-content\/uploads\/2025\/06\/10009-600x740.webp 600w, https:\/\/hpott.com\/wp-content\/uploads\/2025\/06\/10009-64x79.webp 64w\" sizes=\"auto, (max-width: 790px) 100vw, 790px\" \/><\/p>\n<p><img loading=\"lazy\" decoding=\"async\" class=\"wp-image-6359 size-full\" src=\"https:\/\/hpott.com\/wp-content\/uploads\/2025\/06\/10010.webp\" alt=\"nh\u00e0 h\u00e0ng th\u01b0\u01a1ng m\u1ea1i l\u00f2 n\u01b0\u1edbng bbq t\u1ef1 \u0111\u1ed9ng xoay 360 l\u00f2 n\u01b0\u1edbng b\u1eb1ng th\u00e9p kh\u00f4ng g\u1ec9\" width=\"790\" height=\"1412\" srcset=\"https:\/\/hpott.com\/wp-content\/uploads\/2025\/06\/10010.webp 790w, https:\/\/hpott.com\/wp-content\/uploads\/2025\/06\/10010-168x300.webp 168w, https:\/\/hpott.com\/wp-content\/uploads\/2025\/06\/10010-573x1024.webp 573w, https:\/\/hpott.com\/wp-content\/uploads\/2025\/06\/10010-768x1373.webp 768w, https:\/\/hpott.com\/wp-content\/uploads\/2025\/06\/10010-7x12.webp 7w, https:\/\/hpott.com\/wp-content\/uploads\/2025\/06\/10010-600x1072.webp 600w, https:\/\/hpott.com\/wp-content\/uploads\/2025\/06\/10010-64x114.webp 64w\" sizes=\"auto, (max-width: 790px) 100vw, 790px\" \/><\/p>\n<p><img loading=\"lazy\" decoding=\"async\" class=\"size-full wp-image-6360\" src=\"https:\/\/hpott.com\/wp-content\/uploads\/2025\/06\/grill-function.webp\" alt=\"nh\u00e0 h\u00e0ng th\u01b0\u01a1ng m\u1ea1i l\u00f2 n\u01b0\u1edbng bbq t\u1ef1 \u0111\u1ed9ng xoay 360 l\u00f2 n\u01b0\u1edbng b\u1eb1ng th\u00e9p kh\u00f4ng g\u1ec9\" width=\"790\" height=\"750\" srcset=\"https:\/\/hpott.com\/wp-content\/uploads\/2025\/06\/grill-function.webp 790w, https:\/\/hpott.com\/wp-content\/uploads\/2025\/06\/grill-function-300x285.webp 300w, https:\/\/hpott.com\/wp-content\/uploads\/2025\/06\/grill-function-768x729.webp 768w, https:\/\/hpott.com\/wp-content\/uploads\/2025\/06\/grill-function-13x12.webp 13w, https:\/\/hpott.com\/wp-content\/uploads\/2025\/06\/grill-function-600x570.webp 600w, https:\/\/hpott.com\/wp-content\/uploads\/2025\/06\/grill-function-64x61.webp 64w\" sizes=\"auto, (max-width: 790px) 100vw, 790px\" \/><\/p>","protected":false},"excerpt":{"rendered":"<p><strong>M\u00e3 s\u1ea3n ph\u1ea9m:<\/strong> HP-AR16<\/p>\n<p><strong>T\u00ednh n\u0103ng: <\/strong>Ki\u1ec3m so\u00e1t nhi\u1ec7t \u0111\u1ed9 th\u00f4ng minh; Th\u00e9p kh\u00f4ng g\u1ec9 d\u00e0y; C\u00f4ng su\u1ea5t cao 3600W<\/p>","protected":false},"featured_media":6353,"template":"","meta":{"_acf_changed":false,"_seopress_robots_primary_cat":"none","_seopress_titles_title":"","_seopress_titles_desc":"","_seopress_robots_index":""},"product_brand":[],"product_cat":[37,36],"product_tag":[],"class_list":{"0":"post-6361","1":"product","2":"type-product","3":"status-publish","4":"has-post-thumbnail","6":"product_cat-bbq-grill","7":"product_cat-electric-bbq-grill","9":"first","10":"instock","11":"shipping-taxable","12":"product-type-simple"},"acf":[],"_links":{"self":[{"href":"https:\/\/hpott.com\/vi\/wp-json\/wp\/v2\/product\/6361","targetHints":{"allow":["GET"]}}],"collection":[{"href":"https:\/\/hpott.com\/vi\/wp-json\/wp\/v2\/product"}],"about":[{"href":"https:\/\/hpott.com\/vi\/wp-json\/wp\/v2\/types\/product"}],"wp:featuredmedia":[{"embeddable":true,"href":"https:\/\/hpott.com\/vi\/wp-json\/wp\/v2\/media\/6353"}],"wp:attachment":[{"href":"https:\/\/hpott.com\/vi\/wp-json\/wp\/v2\/media?parent=6361"}],"wp:term":[{"taxonomy":"product_brand","embeddable":true,"href":"https:\/\/hpott.com\/vi\/wp-json\/wp\/v2\/product_brand?post=6361"},{"taxonomy":"product_cat","embeddable":true,"href":"https:\/\/hpott.com\/vi\/wp-json\/wp\/v2\/product_cat?post=6361"},{"taxonomy":"product_tag","embeddable":true,"href":"https:\/\/hpott.com\/vi\/wp-json\/wp\/v2\/product_tag?post=6361"}],"curies":[{"name":"wp","href":"https:\/\/api.w.org\/{rel}","templated":true}]}}